{"id":1812,"date":"2025-03-28T11:51:39","date_gmt":"2025-03-28T11:51:39","guid":{"rendered":"https:\/\/interactivehpc.dk\/?page_id=1812"},"modified":"2025-06-11T08:15:09","modified_gmt":"2025-06-11T08:15:09","slug":"services","status":"publish","type":"page","link":"https:\/\/interactivehpc.dk\/?page_id=1812&lang=da","title":{"rendered":"Services"},"content":{"rendered":"\n<h2 class=\"wp-block-heading has-text-align-left gp-gutenbergpro-b9776\">Advanced services<\/h2>\n\n\n\n<p class=\"has-text-align-left gp-gutenbergpro-1b4ba\">DeiC Interactive HPC tilbyder en r\u00e6kke avancerede services m\u00e5lrettet forskere, studerende og andre brugere af Interactive HPC.<br>Bem\u00e6rk venligst, at Front Office-support stilles gratis til r\u00e5dighed, hvorimod avancerede services fra DeiC Interactive HPC leveres mod betaling.<\/p>\n\n\n\n<p class=\"has-text-align-left gp-gutenbergpro-45bb7\"><strong><em>* Avancerede tjenester leveret af DeiC Interactive HPC sker mod betaling og er ikke en del af Front Office-supporten.<\/em><\/strong><\/p>\n\n\n\n<div class=\"wp-block-columns gp-gutenbergpro-54fde is-layout-flex wp-container-core-columns-is-layout-9d6595d7 wp-block-columns-is-layout-flex\">\n<div class=\"wp-block-column gp-gutenbergpro-16f90 is-layout-flow wp-block-column-is-layout-flow\">\n<h6 class=\"wp-block-heading has-text-align-left gp-gutenbergpro-ebe86\">Forskningst\u00f8tte<\/h6>\n\n\n\n<p class=\"has-text-align-left gp-gutenbergpro-0435c\">DeiC Interactive HPC tilbyder avanceret forskningsst\u00f8tte til forskere uden for rammerne af den almindelige Front Office-support.<\/p>\n\n\n\n<div class=\"wp-block-buttons is-vertical is-content-justification-left is-layout-flex wp-container-core-buttons-is-layout-abaa17b5 wp-block-buttons-is-layout-flex\">\n<div class=\"wp-block-button\"><a class=\"wp-block-button__link has-accent-background-color has-background has-text-align-left wp-element-button\" href=\"https:\/\/interactivehpc.dk\/?page_id=1822&amp;lang=da\">L\u00e6s mere<\/a><\/div>\n<\/div>\n\n\n\n<h6 class=\"wp-block-heading has-text-align-left gp-gutenbergpro-bca1f\">Kompetenceudvikling<\/h6>\n\n\n\n<p class=\"has-text-align-left gp-gutenbergpro-8d94f\">DeiC Interactive HPC\u2019s ekspertteam tilbyder kompetenceudviklingskurser, b\u00e5de fysisk og online, efter \u00f8nske fra forskningsgrupper og studerende.<\/p>\n\n\n\n<div class=\"wp-block-buttons is-content-justification-left is-layout-flex wp-container-core-buttons-is-layout-fdcfc74e wp-block-buttons-is-layout-flex\">\n<div class=\"wp-block-button\"><a class=\"wp-block-button__link wp-element-button\" href=\"https:\/\/interactivehpc.dk\/?page_id=1816&amp;lang=da\">L\u00e6s mere<\/a><\/div>\n<\/div>\n\n\n\n<h6 class=\"wp-block-heading has-text-align-left gp-gutenbergpro-06b87\">Datamanagement<\/h6>\n\n\n\n<p class=\"has-text-align-left gp-gutenbergpro-18c00\">DeiC Interactive HPC tilbyder avanceret datamanagement til forskere, hvor den almindelige Front Office-support ikke er tilstr\u00e6kkelig.<\/p>\n\n\n\n<div class=\"wp-block-buttons is-content-justification-left is-layout-flex wp-container-core-buttons-is-layout-fdcfc74e wp-block-buttons-is-layout-flex\">\n<div class=\"wp-block-button is-style-fill\"><a class=\"wp-block-button__link has-accent-background-color has-background has-text-align-left wp-element-button\" href=\"https:\/\/interactivehpc.dk\/?page_id=1819&amp;lang=da\">L\u00e6s mere<\/a><\/div>\n<\/div>\n<\/div>\n\n\n\n<div class=\"wp-block-column is-vertically-aligned-bottom gp-gutenbergpro-e11ef is-layout-flow wp-block-column-is-layout-flow\">\n<figure class=\"wp-block-image size-full\"><img loading=\"lazy\" decoding=\"async\" width=\"512\" height=\"512\" src=\"https:\/\/interactivehpc.dk\/wp-content\/uploads\/2025\/03\/cropped-UCloud-graphic.png\" alt=\"\" class=\"wp-image-1529\" srcset=\"https:\/\/interactivehpc.dk\/wp-content\/uploads\/2025\/03\/cropped-UCloud-graphic.png 512w, https:\/\/interactivehpc.dk\/wp-content\/uploads\/2025\/03\/cropped-UCloud-graphic-300x300.png 300w, https:\/\/interactivehpc.dk\/wp-content\/uploads\/2025\/03\/cropped-UCloud-graphic-150x150.png 150w, https:\/\/interactivehpc.dk\/wp-content\/uploads\/2025\/03\/cropped-UCloud-graphic-270x270.png 270w, https:\/\/interactivehpc.dk\/wp-content\/uploads\/2025\/03\/cropped-UCloud-graphic-192x192.png 192w, https:\/\/interactivehpc.dk\/wp-content\/uploads\/2025\/03\/cropped-UCloud-graphic-180x180.png 180w, https:\/\/interactivehpc.dk\/wp-content\/uploads\/2025\/03\/cropped-UCloud-graphic-32x32.png 32w\" sizes=\"auto, (max-width: 512px) 100vw, 512px\" \/><\/figure>\n<\/div>\n<\/div>\n\n\n\n<div class=\"wp-block-media-text alignwide has-media-on-the-right is-stacked-on-mobile is-style-gtp-overlap\" style=\"grid-template-columns:auto 49%\"><div class=\"wp-block-media-text__content\">\n<div class=\"wp-block-group gp-gutenbergpro-d5ffa has-ihpc-base-background-color has-background is-layout-flow wp-block-group-is-layout-flow\">\n<h5 class=\"wp-block-heading gp-gutenbergpro-4ff5d has-white-color has-text-color\">Har du brug for Front Office-support?<\/h5>\n\n\n\n<p class=\"gp-gutenbergpro-596a4 has-white-color has-text-color\">De avancerede services, som tilbydes af DeiC Interactive HPC, er ikke en del af Front Office-supporten. For generel support og vejledning, kontakt venligst dit Front Office.<\/p>\n\n\n\n<div class=\"wp-block-buttons is-layout-flex wp-block-buttons-is-layout-flex\">\n<div class=\"wp-block-button\"><a class=\"wp-block-button__link wp-element-button\" href=\"https:\/\/interactivehpc.dk\/?page_id=214&amp;lang=da\">Front office support<\/a><\/div>\n<\/div>\n<\/div>\n<\/div><figure class=\"wp-block-media-text__media\"><img loading=\"lazy\" decoding=\"async\" width=\"1024\" height=\"684\" src=\"http:\/\/interactivehpc.dk\/wp-content\/uploads\/2022\/08\/serverrum-1024x684.png\" alt=\"\" class=\"wp-image-750 size-full\" srcset=\"https:\/\/interactivehpc.dk\/wp-content\/uploads\/2022\/08\/serverrum-1024x684.png 1024w, https:\/\/interactivehpc.dk\/wp-content\/uploads\/2022\/08\/serverrum-300x200.png 300w, https:\/\/interactivehpc.dk\/wp-content\/uploads\/2022\/08\/serverrum-768x513.png 768w, https:\/\/interactivehpc.dk\/wp-content\/uploads\/2022\/08\/serverrum.png 1200w\" sizes=\"auto, (max-width: 1024px) 100vw, 1024px\" \/><\/figure><\/div>\n\n\n\n<p class=\"gp-gutenbergpro-28e93\"><\/p>\n","protected":false},"excerpt":{"rendered":"<p>Advanced services DeiC Interactive HPC tilbyder en r\u00e6kke avancerede services m\u00e5lrettet forskere, studerende og andre brugere af Interactive HPC.Bem\u00e6rk venligst, at Front Office-support stilles gratis til r\u00e5dighed, hvorimod avancerede services fra DeiC Interactive HPC leveres mod betaling. * Avancerede tjenester leveret af DeiC Interactive HPC sker mod betaling og er ikke en del af Front [&hellip;]<\/p>\n","protected":false},"author":1,"featured_media":0,"parent":0,"menu_order":0,"comment_status":"closed","ping_status":"closed","template":"templates\/template-full-width.php","meta":{"gtp_columnspro_styling":"{\"3c369f89-80eb-4c37-aa0f-b5a2175e2a97\":\".gp-gutenbergpro-16f90 { position:relative; background-position-x: 50%;\\nbackground-position-y: 50%;\\nbackground-size: cover;\\ngap: 3%;\\nmin-height: 0px; }  \",\"de0556ac-d231-4a29-b367-10e89b8130cf\":\".gp-gutenbergpro-e11ef { position:relative; background-position-x: 50%;\\nbackground-position-y: 50%;\\nbackground-size: cover;\\ngap: 3%;\\nmin-height: 0px; }  \",\"1f1514d4-41bb-4948-a553-318398d19abc\":\".gp-gutenbergpro-54fde { position:relative; background-position-x: 50%;\\nbackground-position-y: 50%;\\nbackground-size: cover;\\ngap: 3%;\\nmin-height: 0px; }  .gp-gutenbergpro-54fde .wp-block-column { margin-left: 0 !important; }\"}","gtp_paragraph_styling":"{\"28e93f3b-ac44-484d-845c-a840f1fe2a89\":\" .gp-gutenbergpro-28e93 { background-position-x: 50%;\\nbackground-position-y: 50%;\\nbackground-size: cover;\\nheight: px; }\",\"45bb7be5-c95e-4322-a253-b56e777de366\":\" .gp-gutenbergpro-45bb7 { background-position-x: 50%;\\nbackground-position-y: 50%;\\nbackground-size: cover;\\nheight: px; }\",\"0435c7ca-84f0-4d1a-bb5b-efd6d112f03d\":\" .gp-gutenbergpro-0435c { background-position-x: 50%;\\nbackground-position-y: 50%;\\nbackground-size: cover;\\nheight: px; }\",\"8d94f96c-ecf5-42f6-9dcb-d2cb446b4561\":\" .gp-gutenbergpro-8d94f { background-position-x: 50%;\\nbackground-position-y: 50%;\\nbackground-size: cover;\\nheight: px; }\",\"18c0058b-c179-4b30-9c11-a77d375528ea\":\" .gp-gutenbergpro-18c00 { background-position-x: 50%;\\nbackground-position-y: 50%;\\nbackground-size: cover;\\nheight: px; }\",\"596a48a6-4e75-48d5-97c0-8bd965efca79\":\" .gp-gutenbergpro-596a4 { background-position-x: 50%;\\nbackground-position-y: 50%;\\nbackground-size: cover;\\nheight: px; }\"}","gtp_heading_styling":"{\"4ff5d907-3f42-471a-8c26-41df7a9e107a\":\" .gp-gutenbergpro-4ff5d { background-position-x: 50%;\\nbackground-position-y: 50%;\\nbackground-size: cover;\\nletter-spacing: 0px !important;\\ntext-shadow: 0px 0px 0px ;\\nfont-family:  !important; }\",\"ebe86b3d-9443-445f-976e-523b9f0e4c47\":\" .gp-gutenbergpro-ebe86 { background-position-x: 50%;\\nbackground-position-y: 50%;\\nbackground-size: cover;\\nletter-spacing: 0px !important;\\ntext-shadow: 0px 0px 0px ;\\nfont-family:  !important; }\",\"bca1f884-1575-4ce7-b948-77b17bccd59c\":\" .gp-gutenbergpro-bca1f { background-position-x: 50%;\\nbackground-position-y: 50%;\\nbackground-size: cover;\\nletter-spacing: 0px !important;\\ntext-shadow: 0px 0px 0px ;\\nfont-family:  !important; }\",\"06b8773c-15b2-4c8a-8f93-c87d3a071aaa\":\" .gp-gutenbergpro-06b87 { background-position-x: 50%;\\nbackground-position-y: 50%;\\nbackground-size: cover;\\nletter-spacing: 0px !important;\\ntext-shadow: 0px 0px 0px ;\\nfont-family:  !important; }\"}","gtp_spacer_styling":"{}","gtp_video_styling":"{}","gtp_group_styling":"{\"d5ffa683-ef71-4ee8-8271-1a4d1d4635fa\":\"\"}","gtp_cover_styling":"{}","footnotes":""},"class_list":["post-1812","page","type-page","status-publish","hentry"],"lang":"da","translations":{"da":1812,"en":169},"pll_sync_post":[],"_links":{"self":[{"href":"https:\/\/interactivehpc.dk\/index.php?rest_route=\/wp\/v2\/pages\/1812","targetHints":{"allow":["GET"]}}],"collection":[{"href":"https:\/\/interactivehpc.dk\/index.php?rest_route=\/wp\/v2\/pages"}],"about":[{"href":"https:\/\/interactivehpc.dk\/index.php?rest_route=\/wp\/v2\/types\/page"}],"author":[{"embeddable":true,"href":"https:\/\/interactivehpc.dk\/index.php?rest_route=\/wp\/v2\/users\/1"}],"replies":[{"embeddable":true,"href":"https:\/\/interactivehpc.dk\/index.php?rest_route=%2Fwp%2Fv2%2Fcomments&post=1812"}],"version-history":[{"count":3,"href":"https:\/\/interactivehpc.dk\/index.php?rest_route=\/wp\/v2\/pages\/1812\/revisions"}],"predecessor-version":[{"id":2020,"href":"https:\/\/interactivehpc.dk\/index.php?rest_route=\/wp\/v2\/pages\/1812\/revisions\/2020"}],"wp:attachment":[{"href":"https:\/\/interactivehpc.dk\/index.php?rest_route=%2Fwp%2Fv2%2Fmedia&parent=1812"}],"curies":[{"name":"wp","href":"https:\/\/api.w.org\/{rel}","templated":true}]}}