{"id":1816,"date":"2025-03-28T11:53:34","date_gmt":"2025-03-28T11:53:34","guid":{"rendered":"https:\/\/interactivehpc.dk\/?page_id=1816"},"modified":"2025-06-11T09:32:08","modified_gmt":"2025-06-11T09:32:08","slug":"kompetenceudvikling","status":"publish","type":"page","link":"https:\/\/interactivehpc.dk\/?page_id=1816&lang=da","title":{"rendered":"Kompetenceudvikling"},"content":{"rendered":"\n<div class=\"wp-block-media-text alignwide is-stacked-on-mobile is-vertically-aligned-bottom is-style-gtp-overlap\"><figure class=\"wp-block-media-text__media\"><img loading=\"lazy\" decoding=\"async\" width=\"1012\" height=\"843\" src=\"http:\/\/interactivehpc.dk\/wp-content\/uploads\/2022\/08\/training-edited-e1661427966135.png\" alt=\"\" class=\"wp-image-849 size-full\" srcset=\"https:\/\/interactivehpc.dk\/wp-content\/uploads\/2022\/08\/training-edited-e1661427966135.png 1012w, https:\/\/interactivehpc.dk\/wp-content\/uploads\/2022\/08\/training-edited-e1661427966135-300x250.png 300w, https:\/\/interactivehpc.dk\/wp-content\/uploads\/2022\/08\/training-edited-e1661427966135-768x640.png 768w\" sizes=\"auto, (max-width: 1012px) 100vw, 1012px\" \/><\/figure><div class=\"wp-block-media-text__content\">\n<div class=\"wp-block-group gp-gutenbergpro-e4763 has-white-color has-ihpc-base-background-color has-text-color has-background is-layout-flow wp-block-group-is-layout-flow\">\n<h4 class=\"wp-block-heading gp-gutenbergpro-dcafe\">Foredrag og workshops for studerende og forskere<\/h4>\n\n\n\n<p class=\"gp-gutenbergpro-8796f\">DeiC Interactive HPC Konsortiets ekspertteam tilbyder fysiske og online kompetenceudviklingskurser efter behov for forskergrupper og studerende. Kurserne henvender sig prim\u00e6rt til nye brugere af HPC, HPDA og AI.<\/p>\n\n\n\n<p class=\"gp-gutenbergpro-1427a\">Indsend din anmodning om kompetenceudvikling med s\u00e5 mange oplysninger om dine behov som muligt \u2013 s\u00e5 vender vi tilbage til dig.<\/p>\n\n\n\n<p class=\"gp-gutenbergpro-478dc\"><em><sup>*Avancerede tjenester leveret af DeiC Interactive HPC Konsortiet sker mod betaling og er ikke en del af Front Office-supporten.<\/sup><\/em><\/p>\n\n\n\n<div class=\"wp-block-buttons gp-gutenbergpro-986cd is-layout-flex wp-block-buttons-is-layout-flex\">\n<div class=\"wp-block-button\"><a class=\"wp-block-button__link wp-element-button\" href=\"https:\/\/frontoffice.chcaa.au.dk\/hc\/en-us\/requests\/new\" target=\"_blank\" rel=\"noreferrer noopener\">Kontakt<\/a><\/div>\n<\/div>\n<\/div>\n<\/div><\/div>\n\n\n\n<div class=\"wp-block-columns gp-gutenbergpro-79f1d has-ihpc-primary-2-tint-15-background-color has-background is-layout-flex wp-container-core-columns-is-layout-9d6595d7 wp-block-columns-is-layout-flex\">\n<div class=\"wp-block-column gp-gutenbergpro-59b3d is-layout-flow wp-block-column-is-layout-flow\" style=\"flex-basis:66.66%\">\n<h5 class=\"wp-block-heading gp-gutenbergpro-a4ac8\"><strong>DeiC Interactive HPC Konsortiet organiserer workshops og foredrag om specialiserede emner<\/strong><\/h5>\n\n\n\n<ul class=\"wp-block-list\">\n<li>Best practices inden for softwareudvikling (versionskontrol, dokumentation, kvalitetssikring og test, CI\/CD)<\/li>\n\n\n\n<li>Introduktion til Docker<\/li>\n\n\n\n<li>Parallelprogrammering (MPI\/OpenMP)<\/li>\n\n\n\n<li>GPU-programmering<\/li>\n\n\n\n<li>Dataanalyse og visualisering med Python, R, Julia, Matlab<\/li>\n\n\n\n<li>Skalerbar maskinl\u00e6ring: distribueret tr\u00e6ning, tuning af hyper parametre, model- og arkitekturs\u00f8gning, samt AutoML<\/li>\n\n\n\n<li>Best practices for Interactive HPC<\/li>\n\n\n\n<li>Optimering af workflows p\u00e5 Interactive HPC-platformen<\/li>\n\n\n\n<li>Big databehandling p\u00e5 Interactive HPC-platformen<\/li>\n\n\n\n<li>Introduktion til data versionerings kontrol<\/li>\n<\/ul>\n\n\n\n<p class=\"gp-gutenbergpro-30dfc\"><em>Yderligere emner kan aftales efter behov<\/em><\/p>\n\n\n\n<div class=\"wp-block-buttons is-layout-flex wp-block-buttons-is-layout-flex\">\n<div class=\"wp-block-button\"><a class=\"wp-block-button__link wp-element-button\" href=\"https:\/\/frontoffice.chcaa.au.dk\/hc\/en-us\/requests\/new\">Kontakt<\/a><\/div>\n<\/div>\n<\/div>\n\n\n\n<div class=\"wp-block-column gp-gutenbergpro-37281 is-layout-flow wp-block-column-is-layout-flow\" style=\"flex-basis:33.33%\"><\/div>\n<\/div>\n\n\n\n<div class=\"wp-block-media-text alignwide is-stacked-on-mobile is-image-fill-element is-style-gtp-overlap\"><figure class=\"wp-block-media-text__media\"><img loading=\"lazy\" decoding=\"async\" width=\"1024\" height=\"566\" src=\"http:\/\/interactivehpc.dk\/wp-content\/uploads\/2022\/08\/researchsupport-e1661939328405-1024x566.png\" alt=\"\" class=\"wp-image-1105 size-full\" style=\"object-position:50% 50%\" srcset=\"https:\/\/interactivehpc.dk\/wp-content\/uploads\/2022\/08\/researchsupport-e1661939328405-1024x566.png 1024w, https:\/\/interactivehpc.dk\/wp-content\/uploads\/2022\/08\/researchsupport-e1661939328405-300x166.png 300w, https:\/\/interactivehpc.dk\/wp-content\/uploads\/2022\/08\/researchsupport-e1661939328405-768x424.png 768w, https:\/\/interactivehpc.dk\/wp-content\/uploads\/2022\/08\/researchsupport-e1661939328405.png 1200w\" sizes=\"auto, (max-width: 1024px) 100vw, 1024px\" \/><\/figure><div class=\"wp-block-media-text__content\">\n<div class=\"wp-block-group gp-gutenbergpro-24ff6 has-white-color has-ihpc-base-background-color has-text-color has-background is-layout-flow wp-block-group-is-layout-flow\">\n<h2 class=\"wp-block-heading gp-gutenbergpro-15751\">Andre Interactive HPC tjenester<\/h2>\n\n\n\n<p class=\"gp-gutenbergpro-aba28\">DeiC Interactive HPC Konsortiet tilbyder en r\u00e6kke betalingsbelagte tjenester m\u00e5lrettet forskere, studerende og andre brugere af Interactive HPC<\/p>\n\n\n\n<div class=\"wp-block-buttons is-layout-flex wp-block-buttons-is-layout-flex\">\n<div class=\"wp-block-button is-style-fill\"><a class=\"wp-block-button__link wp-element-button\" href=\"https:\/\/interactivehpc.dk\/?page_id=1819&amp;lang=da\">Datamanagement<\/a><\/div>\n<\/div>\n\n\n\n<div style=\"height:17px\" aria-hidden=\"true\" class=\"wp-block-spacer gp-gutenbergpro-d0efb\"><\/div>\n\n\n\n<div class=\"wp-block-buttons is-layout-flex wp-block-buttons-is-layout-flex\">\n<div class=\"wp-block-button is-style-fill\"><a class=\"wp-block-button__link wp-element-button\" href=\"https:\/\/interactivehpc.dk\/?page_id=1822&amp;lang=da\">Forskningsst\u00f8tte<\/a><\/div>\n<\/div>\n<\/div>\n<\/div><\/div>\n\n\n\n<div class=\"wp-block-columns gp-gutenbergpro-6f039 has-ihpc-primary-2-tint-15-background-color has-background is-layout-flex wp-container-core-columns-is-layout-9d6595d7 wp-block-columns-is-layout-flex\">\n<div class=\"wp-block-column gp-gutenbergpro-ae01f is-layout-flow wp-block-column-is-layout-flow\" style=\"flex-basis:100%\">\n<h2 class=\"wp-block-heading has-text-align-center gp-gutenbergpro-09880\">Mangler du noget?<\/h2>\n\n\n\n<p class=\"has-text-align-center gp-gutenbergpro-b11ff\">Mangler du en service, som du mener b\u00f8r tilbydes af Interactive HPC Konsortiet?<br>S\u00e5 kontakt os gerne med din foresp\u00f8rgsel.<\/p>\n\n\n\n<div class=\"wp-block-buttons is-content-justification-center is-layout-flex wp-container-core-buttons-is-layout-16018d1d wp-block-buttons-is-layout-flex\">\n<div class=\"wp-block-button is-style-outline is-style-outline--1\"><a class=\"wp-block-button__link wp-element-button\" href=\"https:\/\/frontoffice.chcaa.au.dk\/hc\/en-us\/requests\/new\" target=\"_blank\" rel=\"noreferrer noopener\">Anmod om en service<\/a><\/div>\n<\/div>\n<\/div>\n<\/div>\n","protected":false},"excerpt":{"rendered":"<p>DeiC Interactive HPC Konsortiet organiserer workshops og foredrag om specialiserede emner Yderligere emner kan aftales efter behov<\/p>\n","protected":false},"author":1,"featured_media":0,"parent":1812,"menu_order":0,"comment_status":"closed","ping_status":"closed","template":"templates\/template-full-width.php","meta":{"gtp_columnspro_styling":"{\"352bf46d-9960-42cc-8ffc-014ddb69912b\":\". { position:relative; background-position-x: 50%;\\nbackground-position-y: 50%;\\nbackground-size: cover;\\ngap: 3%;\\nmin-height: 0px; }  \",\"2a4c603a-7660-4111-a074-19e22cd32cb1\":\". { position:relative; background-position-x: 50%;\\nbackground-position-y: 50%;\\nbackground-size: cover;\\ngap: 3%;\\nmin-height: 0px; }  . .wp-block-column { margin-left: 0 !important; }\",\"38fa6847-7ea2-49b2-aabd-b8a52ed5d90d\":\". { position:relative; background-position-x: 50%;\\nbackground-position-y: 50%;\\nbackground-size: cover;\\ngap: 3%;\\nmin-height: 0px; }  \",\"4d731fc7-af47-470f-8745-42c9680b793c\":\". { position:relative; background-position-x: 50%;\\nbackground-position-y: 50%;\\nbackground-size: cover;\\ngap: 3%;\\nmin-height: 0px; }  . .wp-block-column { margin-left: 0 !important; }\"}","gtp_paragraph_styling":"{}","gtp_heading_styling":"{}","gtp_spacer_styling":"{}","gtp_video_styling":"{}","gtp_group_styling":"{}","gtp_cover_styling":"{}","footnotes":""},"class_list":["post-1816","page","type-page","status-publish","hentry"],"lang":"da","translations":{"da":1816,"en":231},"pll_sync_post":[],"_links":{"self":[{"href":"https:\/\/interactivehpc.dk\/index.php?rest_route=\/wp\/v2\/pages\/1816","targetHints":{"allow":["GET"]}}],"collection":[{"href":"https:\/\/interactivehpc.dk\/index.php?rest_route=\/wp\/v2\/pages"}],"about":[{"href":"https:\/\/interactivehpc.dk\/index.php?rest_route=\/wp\/v2\/types\/page"}],"author":[{"embeddable":true,"href":"https:\/\/interactivehpc.dk\/index.php?rest_route=\/wp\/v2\/users\/1"}],"replies":[{"embeddable":true,"href":"https:\/\/interactivehpc.dk\/index.php?rest_route=%2Fwp%2Fv2%2Fcomments&post=1816"}],"version-history":[{"count":6,"href":"https:\/\/interactivehpc.dk\/index.php?rest_route=\/wp\/v2\/pages\/1816\/revisions"}],"predecessor-version":[{"id":2050,"href":"https:\/\/interactivehpc.dk\/index.php?rest_route=\/wp\/v2\/pages\/1816\/revisions\/2050"}],"up":[{"embeddable":true,"href":"https:\/\/interactivehpc.dk\/index.php?rest_route=\/wp\/v2\/pages\/1812"}],"wp:attachment":[{"href":"https:\/\/interactivehpc.dk\/index.php?rest_route=%2Fwp%2Fv2%2Fmedia&parent=1816"}],"curies":[{"name":"wp","href":"https:\/\/api.w.org\/{rel}","templated":true}]}}