{"id":1819,"date":"2025-03-28T11:56:18","date_gmt":"2025-03-28T11:56:18","guid":{"rendered":"https:\/\/interactivehpc.dk\/?page_id=1819"},"modified":"2025-06-11T09:43:34","modified_gmt":"2025-06-11T09:43:34","slug":"datamanagement","status":"publish","type":"page","link":"https:\/\/interactivehpc.dk\/?page_id=1819&lang=da","title":{"rendered":"Datamanagement"},"content":{"rendered":"\n<div class=\"wp-block-media-text alignwide is-stacked-on-mobile is-image-fill-element is-style-gtp-overlap\" style=\"grid-template-columns:46% auto\"><figure class=\"wp-block-media-text__media\"><img loading=\"lazy\" decoding=\"async\" width=\"1000\" height=\"908\" src=\"https:\/\/interactivehpc.dk\/wp-content\/uploads\/2022\/08\/datamanagement1.png\" alt=\"\" class=\"wp-image-1119 size-full\" style=\"object-position:82% 0%\" srcset=\"https:\/\/interactivehpc.dk\/wp-content\/uploads\/2022\/08\/datamanagement1.png 1000w, https:\/\/interactivehpc.dk\/wp-content\/uploads\/2022\/08\/datamanagement1-300x272.png 300w, https:\/\/interactivehpc.dk\/wp-content\/uploads\/2022\/08\/datamanagement1-768x697.png 768w\" sizes=\"auto, (max-width: 1000px) 100vw, 1000px\" \/><\/figure><div class=\"wp-block-media-text__content\">\n<div class=\"wp-block-group gp-gutenbergpro-7a7ab has-white-color has-ihpc-base-background-color has-text-color has-background is-layout-flow wp-block-group-is-layout-flow\">\n<h4 class=\"wp-block-heading gp-gutenbergpro-32b86\"><strong>Datamanagement og en FAIR Datahandlingsplan<\/strong><\/h4>\n\n\n\n<p class=\"gp-gutenbergpro-13d05\">DeiC Interactive HPC Konsortiet kan hj\u00e6lpe forskere med datamanagement og tilbyde r\u00e5dgivning om en FAIR datahandlingsplan, hvis behovene overstiger det niveau af support, der tilbydes af det lokale Front Office.<\/p>\n\n\n\n<p class=\"gp-gutenbergpro-bfd26\">Indsend blot en anmodning om Datamanagement med s\u00e5 mange oplysninger som muligt, og vi vender tilbage til dig med et prisoverslag*<\/p>\n\n\n\n<p class=\"gp-gutenbergpro-54885\"><em><sup>*Avancerede tjenester leveret af DeiC Interactive HPC Konsortiet sker mod betaling og er ikke en del af Front Office-supporten.<\/sup><\/em><\/p>\n\n\n\n<div class=\"wp-block-buttons is-layout-flex wp-block-buttons-is-layout-flex\">\n<div class=\"wp-block-button\"><a class=\"wp-block-button__link wp-element-button\" href=\"https:\/\/frontoffice.chcaa.au.dk\/hc\/en-us\/requests\/new\" target=\"_blank\" rel=\"noreferrer noopener\">Kontakt<\/a><\/div>\n<\/div>\n<\/div>\n<\/div><\/div>\n\n\n\n<div class=\"wp-block-columns are-vertically-aligned-top gp-gutenbergpro-8c2ce has-ihpc-primary-2-tint-15-background-color has-background is-layout-flex wp-container-core-columns-is-layout-9d6595d7 wp-block-columns-is-layout-flex\">\n<div class=\"wp-block-column is-vertically-aligned-top gp-gutenbergpro-4216d is-layout-flow wp-block-column-is-layout-flow\" style=\"flex-basis:66.66%\">\n<h5 class=\"wp-block-heading gp-gutenbergpro-c0fb7\">DeiC Interactive HPC Konsortiet tilbyder Datamanagement som en service<\/h5>\n\n\n\n<h5 class=\"wp-block-heading gp-gutenbergpro-a9d7c\"><strong>Let adgang til data<\/strong><\/h5>\n\n\n\n<ul class=\"wp-block-list\">\n<li>Hj\u00e6lp til at hente og bruge data i nationale arkiver og nationale\/internationale depoter.<\/li>\n\n\n\n<li>St\u00f8tte til brug af data med forskellige niveauer af f\u00f8lsomhed og adgangstilladelser i overensstemmelse med g\u00e6ldende regler og love.<\/li>\n<\/ul>\n\n\n\n<hr class=\"wp-block-separator has-alpha-channel-opacity\"\/>\n\n\n\n<h5 class=\"wp-block-heading gp-gutenbergpro-3c63b\"><strong>Hurtig og sikker dataoverf\u00f8rsel<\/strong><\/h5>\n\n\n\n<ul class=\"wp-block-list\">\n<li>Hj\u00e6lp til dataoverf\u00f8rsel til\/fra nationale arkiver og andre nationale HPC-centre, herunder meget store datas\u00e6t.<\/li>\n\n\n\n<li>Integration af data i Interactive HPC-platformen.<\/li>\n<\/ul>\n\n\n\n<hr class=\"wp-block-separator has-alpha-channel-opacity\"\/>\n\n\n\n<h5 class=\"wp-block-heading gp-gutenbergpro-9b107\"><strong>Effektiv dataarkivering<\/strong><\/h5>\n\n\n\n<ul class=\"wp-block-list\">\n<li>Support til organisering af data gennem databaser.<\/li>\n\n\n\n<li>Hj\u00e6lp til at identificere data, der er klar til arkivering.<\/li>\n\n\n\n<li>Hj\u00e6lp til dataflytning fra prim\u00e6rlager til arkiv og omvendt for hurtig datarekonstruktion.<\/li>\n<\/ul>\n\n\n\n<hr class=\"wp-block-separator has-alpha-channel-opacity\"\/>\n\n\n\n<div class=\"wp-block-buttons is-layout-flex wp-block-buttons-is-layout-flex\">\n<div class=\"wp-block-button\"><a class=\"wp-block-button__link wp-element-button\" href=\"https:\/\/frontoffice.chcaa.au.dk\/hc\/en-us\/requests\/new\" target=\"_blank\" rel=\"noreferrer noopener\">Kontakt*<\/a><\/div>\n<\/div>\n\n\n\n<p class=\"gp-gutenbergpro-d1b27\"><em><sub>*V\u00e6r opm\u00e6rksom p\u00e5, at Front Office-support ydes uden beregning, mens tjenester leveret af DeiC Interactive HPC Konsortiet kr\u00e6ver betaling.<\/sub><\/em><\/p>\n<\/div>\n\n\n\n<div class=\"wp-block-column is-vertically-aligned-top gp-gutenbergpro-e7bd3 is-layout-flow wp-block-column-is-layout-flow\" style=\"flex-basis:33.33%\"><\/div>\n<\/div>\n\n\n\n<div class=\"wp-block-media-text alignwide is-stacked-on-mobile is-image-fill-element is-style-gtp-overlap\"><figure class=\"wp-block-media-text__media\"><img loading=\"lazy\" decoding=\"async\" width=\"1024\" height=\"566\" src=\"http:\/\/interactivehpc.dk\/wp-content\/uploads\/2022\/08\/researchsupport-e1661939328405-1024x566.png\" alt=\"\" class=\"wp-image-1105 size-full\" style=\"object-position:50% 50%\" srcset=\"https:\/\/interactivehpc.dk\/wp-content\/uploads\/2022\/08\/researchsupport-e1661939328405-1024x566.png 1024w, https:\/\/interactivehpc.dk\/wp-content\/uploads\/2022\/08\/researchsupport-e1661939328405-300x166.png 300w, https:\/\/interactivehpc.dk\/wp-content\/uploads\/2022\/08\/researchsupport-e1661939328405-768x424.png 768w, https:\/\/interactivehpc.dk\/wp-content\/uploads\/2022\/08\/researchsupport-e1661939328405.png 1200w\" sizes=\"auto, (max-width: 1024px) 100vw, 1024px\" \/><\/figure><div class=\"wp-block-media-text__content\">\n<div class=\"wp-block-group gp-gutenbergpro-ec302 has-white-color has-ihpc-base-background-color has-text-color has-background is-layout-flow wp-block-group-is-layout-flow\">\n<h2 class=\"wp-block-heading gp-gutenbergpro-ab29e\">Andre Interactive HPC tjenester<\/h2>\n\n\n\n<p class=\"gp-gutenbergpro-4e024\">DeiC Interactive HPC Konsortiet tilbyder en r\u00e6kke betalingsbelagte tjenester m\u00e5lrettet forskere, studerende og andre brugere af Interactive HPC:<\/p>\n\n\n\n<div class=\"wp-block-buttons is-layout-flex wp-block-buttons-is-layout-flex\">\n<div class=\"wp-block-button is-style-fill\"><a class=\"wp-block-button__link wp-element-button\" href=\"https:\/\/interactivehpc.dk\/?page_id=1816&amp;lang=da\">Kompetenceudvikling<\/a><\/div>\n<\/div>\n\n\n\n<div style=\"height:10px\" aria-hidden=\"true\" class=\"wp-block-spacer gp-gutenbergpro-3322a\"><\/div>\n\n\n\n<div class=\"wp-block-buttons is-layout-flex wp-block-buttons-is-layout-flex\">\n<div class=\"wp-block-button is-style-fill\"><a class=\"wp-block-button__link wp-element-button\" href=\"https:\/\/interactivehpc.dk\/?page_id=1822&amp;lang=da\">Forskningsst\u00f8tte<\/a><\/div>\n<\/div>\n<\/div>\n<\/div><\/div>\n\n\n\n<p class=\"gp-gutenbergpro-e7c9e\"><\/p>\n\n\n\n<div class=\"wp-block-columns gp-gutenbergpro-6f039 has-ihpc-primary-2-tint-15-background-color has-background is-layout-flex wp-container-core-columns-is-layout-9d6595d7 wp-block-columns-is-layout-flex\">\n<div class=\"wp-block-column gp-gutenbergpro-ae01f is-layout-flow wp-block-column-is-layout-flow\" style=\"flex-basis:100%\">\n<h2 class=\"wp-block-heading has-text-align-center gp-gutenbergpro-09880\">Mangler du noget?<\/h2>\n\n\n\n<p class=\"has-text-align-center gp-gutenbergpro-b11ff\">Mangler du en service, som du mener b\u00f8r tilbydes af Interactive HPC Konsortiet?<br>S\u00e5 kontakt os gerne med din foresp\u00f8rgsel.<\/p>\n\n\n\n<div class=\"wp-block-buttons is-content-justification-center is-layout-flex wp-container-core-buttons-is-layout-16018d1d wp-block-buttons-is-layout-flex\">\n<div class=\"wp-block-button is-style-outline is-style-outline--1\"><a class=\"wp-block-button__link wp-element-button\" href=\"https:\/\/frontoffice.chcaa.au.dk\/hc\/en-us\/requests\/new\" target=\"_blank\" rel=\"noreferrer noopener\">Anmod om en service<\/a><\/div>\n<\/div>\n<\/div>\n<\/div>\n","protected":false},"excerpt":{"rendered":"<p>DeiC Interactive HPC Konsortiet tilbyder Datamanagement som en service Let adgang til data Hurtig og sikker dataoverf\u00f8rsel Effektiv dataarkivering *V\u00e6r opm\u00e6rksom p\u00e5, at Front Office-support ydes uden beregning, mens tjenester leveret af DeiC Interactive HPC Konsortiet kr\u00e6ver betaling.<\/p>\n","protected":false},"author":1,"featured_media":0,"parent":1812,"menu_order":0,"comment_status":"closed","ping_status":"closed","template":"templates\/template-full-width.php","meta":{"gtp_columnspro_styling":"{\"50e3d59e-21d0-4930-8b63-b06f05a0d74b\":\". { position:relative; background-position-x: 50%;\\nbackground-position-y: 50%;\\nbackground-size: cover;\\ngap: 3%;\\nmin-height: 0px; }  \",\"55139fbe-9e96-4040-9497-e2dac37d6f52\":\". { position:relative; background-position-x: 50%;\\nbackground-position-y: 50%;\\nbackground-size: cover;\\ngap: 3%;\\nmin-height: 0px; }  . .wp-block-column { margin-left: 0 !important; }\",\"b23b17f0-ddd8-4f68-905e-47e2760ca39d\":\". { position:relative; background-position-x: 50%;\\nbackground-position-y: 50%;\\nbackground-size: cover;\\ngap: 3%;\\nmin-height: 0px; }  \",\"c14a5699-2e51-4977-834f-256f28334345\":\". { position:relative; background-position-x: 50%;\\nbackground-position-y: 50%;\\nbackground-size: cover;\\ngap: 3%;\\nmin-height: 0px; }  . .wp-block-column { margin-left: 0 !important; }\"}","gtp_paragraph_styling":"{\"4e024d76-5a56-4ac1-aedb-824f6cbc4210\":\" .gp-gutenbergpro-4e024 { background-position-x: 50%;\\nbackground-position-y: 50%;\\nbackground-size: cover;\\nheight: px; }\",\"e7c9e6b1-1fee-4635-8212-365e6a1d459d\":\" .gp-gutenbergpro-e7c9e { background-position-x: 50%;\\nbackground-position-y: 50%;\\nbackground-size: cover;\\nheight: px; }\",\"435f56e7-7c5e-4d1a-b83a-16ff8c1fbe9d\":\" .gp-gutenbergpro-435f5 { background-position-x: 50%;\\nbackground-position-y: 50%;\\nbackground-size: cover;\\nheight: px; }\"}","gtp_heading_styling":"{\"ab29ec28-3593-40a7-8ab7-053838826c8d\":\" .gp-gutenbergpro-ab29e { background-position-x: 50%;\\nbackground-position-y: 50%;\\nbackground-size: cover;\\nletter-spacing: 0px !important;\\ntext-shadow: 0px 0px 0px ;\\nfont-family:  !important; }\",\"71e3b8ed-656c-47bd-9ff5-4bca828ae367\":\" .gp-gutenbergpro-71e3b { background-position-x: 50%;\\nbackground-position-y: 50%;\\nbackground-size: cover;\\nletter-spacing: 0px !important;\\ntext-shadow: 0px 0px 0px ;\\nfont-family:  !important; }\"}","gtp_spacer_styling":"{\"3322ae83-3e73-4a5a-aee8-389e81330a3c\":\".gp-gutenbergpro-3322a { position:relative; background-position-x: 50%;\\nbackground-position-y: 50%;\\nbackground-size: cover; }\"}","gtp_video_styling":"{}","gtp_group_styling":"{\"ec3028fd-3807-4aa2-9b60-9a8f8dfd197c\":\"\"}","gtp_cover_styling":"{}","footnotes":""},"class_list":["post-1819","page","type-page","status-publish","hentry"],"lang":"da","translations":{"da":1819,"en":229},"pll_sync_post":[],"_links":{"self":[{"href":"https:\/\/interactivehpc.dk\/index.php?rest_route=\/wp\/v2\/pages\/1819","targetHints":{"allow":["GET"]}}],"collection":[{"href":"https:\/\/interactivehpc.dk\/index.php?rest_route=\/wp\/v2\/pages"}],"about":[{"href":"https:\/\/interactivehpc.dk\/index.php?rest_route=\/wp\/v2\/types\/page"}],"author":[{"embeddable":true,"href":"https:\/\/interactivehpc.dk\/index.php?rest_route=\/wp\/v2\/users\/1"}],"replies":[{"embeddable":true,"href":"https:\/\/interactivehpc.dk\/index.php?rest_route=%2Fwp%2Fv2%2Fcomments&post=1819"}],"version-history":[{"count":6,"href":"https:\/\/interactivehpc.dk\/index.php?rest_route=\/wp\/v2\/pages\/1819\/revisions"}],"predecessor-version":[{"id":2063,"href":"https:\/\/interactivehpc.dk\/index.php?rest_route=\/wp\/v2\/pages\/1819\/revisions\/2063"}],"up":[{"embeddable":true,"href":"https:\/\/interactivehpc.dk\/index.php?rest_route=\/wp\/v2\/pages\/1812"}],"wp:attachment":[{"href":"https:\/\/interactivehpc.dk\/index.php?rest_route=%2Fwp%2Fv2%2Fmedia&parent=1819"}],"curies":[{"name":"wp","href":"https:\/\/api.w.org\/{rel}","templated":true}]}}