{"id":1822,"date":"2025-03-28T11:58:49","date_gmt":"2025-03-28T11:58:49","guid":{"rendered":"https:\/\/interactivehpc.dk\/?page_id=1822"},"modified":"2025-06-11T09:42:41","modified_gmt":"2025-06-11T09:42:41","slug":"forskningsstoette","status":"publish","type":"page","link":"https:\/\/interactivehpc.dk\/?page_id=1822&lang=da","title":{"rendered":"Forskningsst\u00f8tte"},"content":{"rendered":"\n<div class=\"wp-block-media-text alignwide is-stacked-on-mobile is-image-fill-element is-style-gtp-overlap\" style=\"grid-template-columns:63% auto\"><figure class=\"wp-block-media-text__media\"><img loading=\"lazy\" decoding=\"async\" width=\"1024\" height=\"576\" src=\"https:\/\/interactivehpc.dk\/wp-content\/uploads\/2022\/08\/user-support-1024x576.png\" alt=\"\" class=\"wp-image-749 size-full\" style=\"object-position:50% 50%\" srcset=\"https:\/\/interactivehpc.dk\/wp-content\/uploads\/2022\/08\/user-support-1024x576.png 1024w, https:\/\/interactivehpc.dk\/wp-content\/uploads\/2022\/08\/user-support-300x169.png 300w, https:\/\/interactivehpc.dk\/wp-content\/uploads\/2022\/08\/user-support-768x432.png 768w, https:\/\/interactivehpc.dk\/wp-content\/uploads\/2022\/08\/user-support.png 1200w\" sizes=\"auto, (max-width: 1024px) 100vw, 1024px\" \/><\/figure><div class=\"wp-block-media-text__content\">\n<div class=\"wp-block-group gp-gutenbergpro-8b8a5 has-white-color has-ihpc-base-background-color has-text-color has-background is-layout-flow wp-block-group-is-layout-flow\">\n<h4 class=\"wp-block-heading gp-gutenbergpro-4ba0d\">Forskningsst\u00f8tte i alle faser af data- og projektlivscyklussen<\/h4>\n\n\n\n<p class=\"gp-gutenbergpro-b9e2e\">DeiC Interactive HPC Konsortiet tilbyder forskningsst\u00f8tte til forskere uden for rammerne af den almindelige Front Office-support. Konsortiet kan yde forskningsst\u00f8tte i alle faser af data- og projektlivscyklussen til forskere fra alle de danske universiteter.<\/p>\n\n\n\n<p class=\"gp-gutenbergpro-b8383\">Kontakt venligst din lokale Front Office-support f\u00f8rst, hvis du har brug for hj\u00e6lp til at kortl\u00e6gge dine behov for forskningssupport, og indsend en foresp\u00f8rgsel med s\u00e5 mange detaljer som muligt. Vi vil herefter vejlede dig i at v\u00e6lge den rette l\u00f8sning til dit projekt samt give et prisoverslag for den \u00f8nskede service.*<\/p>\n\n\n\n<p class=\"gp-gutenbergpro-c9f2b\"><sup><em>*Bem\u00e6rk: Tjenester leveret af DeiC Interactive HPC Konsortiet kr\u00e6ver betaling og ikke en del af Front Office-supporten.<\/em><\/sup><\/p>\n\n\n\n<div class=\"wp-block-buttons is-layout-flex wp-block-buttons-is-layout-flex\">\n<div class=\"wp-block-button\"><a class=\"wp-block-button__link wp-element-button\" href=\"https:\/\/frontoffice.chcaa.au.dk\/hc\/en-us\/requests\/new\" target=\"_blank\" rel=\"noreferrer noopener\">Kontakt<\/a><\/div>\n<\/div>\n<\/div>\n<\/div><\/div>\n\n\n\n<div class=\"wp-block-columns gp-gutenbergpro-285aa has-ihpc-primary-2-tint-15-background-color has-background is-layout-flex wp-container-core-columns-is-layout-9d6595d7 wp-block-columns-is-layout-flex\">\n<div class=\"wp-block-column gp-gutenbergpro-0d919 is-layout-flow wp-block-column-is-layout-flow\" style=\"flex-basis:66.66%\">\n<h5 class=\"wp-block-heading gp-gutenbergpro-4a33f\">DeiC Interactive HPC Konsortiet tilbyder forskningsst\u00f8tte som service<\/h5>\n\n\n\n<h5 class=\"wp-block-heading gp-gutenbergpro-fc36d\"><strong>F\u00f8r projektstart<\/strong><\/h5>\n\n\n\n<ul class=\"wp-block-list\">\n<li>Projektdesign<\/li>\n\n\n\n<li>St\u00f8tte til fondsans\u00f8gninger<\/li>\n\n\n\n<li>Behovsafd\u00e6kning<\/li>\n<\/ul>\n\n\n\n<hr class=\"wp-block-separator has-alpha-channel-opacity\"\/>\n\n\n\n<h5 class=\"wp-block-heading gp-gutenbergpro-82035\"><strong>Under projektets gennemf\u00f8relse<\/strong><\/h5>\n\n\n\n<ul class=\"wp-block-list\">\n<li>Dataindsamling, -opbevaring og -h\u00e5ndtering<\/li>\n\n\n\n<li>Beregningsmodellering og simuleringer<\/li>\n\n\n\n<li>Virtuelt forskningsmilj\u00f8<\/li>\n\n\n\n<li>Udvikling af maskinl\u00e6ringsv\u00e6rkt\u00f8jer og automatiseringsmetoder (f.eks. Natural Language Processing og Computer Vision)<\/li>\n\n\n\n<li>Databaser, webudvikling m.m.<\/li>\n<\/ul>\n\n\n\n<hr class=\"wp-block-separator has-alpha-channel-opacity\"\/>\n\n\n\n<h5 class=\"wp-block-heading gp-gutenbergpro-e2e7a\"><strong>Efter projektets afslutning<\/strong><\/h5>\n\n\n\n<ul class=\"wp-block-list\">\n<li>Projektdesign<\/li>\n\n\n\n<li>Dataarkivering<\/li>\n\n\n\n<li>Kodearkiv<\/li>\n\n\n\n<li>Hosting af applikationer<\/li>\n<\/ul>\n\n\n\n<hr class=\"wp-block-separator has-alpha-channel-opacity\"\/>\n\n\n\n<div class=\"wp-block-buttons is-layout-flex wp-block-buttons-is-layout-flex\">\n<div class=\"wp-block-button\"><a class=\"wp-block-button__link wp-element-button\" href=\"https:\/\/frontoffice.chcaa.au.dk\/hc\/en-us\/requests\/new\" target=\"_blank\" rel=\"noreferrer noopener\">Kontakt*<\/a><\/div>\n<\/div>\n\n\n\n<p class=\"gp-gutenbergpro-87bc4\">*<em><sub>V\u00e6r opm\u00e6rksom p\u00e5, at Front Office-support ydes uden beregning, mens tjenester leveret af DeiC Interactive HPC Konsortiet kr\u00e6ver betaling.<\/sub><\/em><\/p>\n<\/div>\n\n\n\n<div class=\"wp-block-column gp-gutenbergpro-2a159 is-layout-flow wp-block-column-is-layout-flow\" style=\"flex-basis:33.33%\"><\/div>\n<\/div>\n\n\n\n<div class=\"wp-block-media-text alignwide is-stacked-on-mobile is-image-fill-element is-style-gtp-overlap\" style=\"grid-template-columns:47% auto\"><figure class=\"wp-block-media-text__media\"><img loading=\"lazy\" decoding=\"async\" width=\"1024\" height=\"566\" src=\"http:\/\/interactivehpc.dk\/wp-content\/uploads\/2022\/08\/researchsupport-e1661939328405-1024x566.png\" alt=\"\" class=\"wp-image-1105 size-full\" style=\"object-position:50% 50%\" srcset=\"https:\/\/interactivehpc.dk\/wp-content\/uploads\/2022\/08\/researchsupport-e1661939328405-1024x566.png 1024w, https:\/\/interactivehpc.dk\/wp-content\/uploads\/2022\/08\/researchsupport-e1661939328405-300x166.png 300w, https:\/\/interactivehpc.dk\/wp-content\/uploads\/2022\/08\/researchsupport-e1661939328405-768x424.png 768w, https:\/\/interactivehpc.dk\/wp-content\/uploads\/2022\/08\/researchsupport-e1661939328405.png 1200w\" sizes=\"auto, (max-width: 1024px) 100vw, 1024px\" \/><\/figure><div class=\"wp-block-media-text__content\">\n<div class=\"wp-block-group gp-gutenbergpro-31d22 has-white-color has-ihpc-base-background-color has-text-color has-background is-layout-flow wp-block-group-is-layout-flow\">\n<h2 class=\"wp-block-heading gp-gutenbergpro-66cbd\">Andre Interactive HPC tjenester<\/h2>\n\n\n\n<p class=\"gp-gutenbergpro-d10cf\">DeiC Interactive HPC Konsortiet tilbyder en r\u00e6kke betalingsbelagte tjenester m\u00e5lrettet forskere, studerende og andre brugere af Interactive HPC:<\/p>\n\n\n\n<div class=\"wp-block-buttons is-layout-flex wp-block-buttons-is-layout-flex\">\n<div class=\"wp-block-button is-style-fill\"><a class=\"wp-block-button__link wp-element-button\" href=\"https:\/\/interactivehpc.dk\/?page_id=1819&amp;lang=da\">DataManagement<\/a><\/div>\n<\/div>\n\n\n\n<div style=\"height:18px\" aria-hidden=\"true\" class=\"wp-block-spacer gp-gutenbergpro-37d48\"><\/div>\n\n\n\n<div class=\"wp-block-buttons is-layout-flex wp-block-buttons-is-layout-flex\">\n<div class=\"wp-block-button is-style-fill\"><a class=\"wp-block-button__link wp-element-button\" href=\"https:\/\/interactivehpc.dk\/?page_id=1816&amp;lang=da\">Kompetenceudvikling<\/a><\/div>\n<\/div>\n<\/div>\n<\/div><\/div>\n\n\n\n<p class=\"gp-gutenbergpro-108a7\"><\/p>\n\n\n\n<div class=\"wp-block-columns gp-gutenbergpro-6f039 has-ihpc-primary-2-tint-15-background-color has-background is-layout-flex wp-container-core-columns-is-layout-9d6595d7 wp-block-columns-is-layout-flex\">\n<div class=\"wp-block-column gp-gutenbergpro-ae01f is-layout-flow wp-block-column-is-layout-flow\" style=\"flex-basis:100%\">\n<h2 class=\"wp-block-heading has-text-align-center gp-gutenbergpro-09880\">Mangler du noget?<\/h2>\n\n\n\n<p class=\"has-text-align-center gp-gutenbergpro-b11ff\">Mangler du en service, som du mener b\u00f8r tilbydes af Interactive HPC Konsortiet?<br>S\u00e5 kontakt os gerne med din foresp\u00f8rgsel.<\/p>\n\n\n\n<div class=\"wp-block-buttons is-content-justification-center is-layout-flex wp-container-core-buttons-is-layout-16018d1d wp-block-buttons-is-layout-flex\">\n<div class=\"wp-block-button is-style-outline is-style-outline--1\"><a class=\"wp-block-button__link wp-element-button\" href=\"https:\/\/frontoffice.chcaa.au.dk\/hc\/en-us\/requests\/new\" target=\"_blank\" rel=\"noreferrer noopener\">Anmod om en service<\/a><\/div>\n<\/div>\n<\/div>\n<\/div>\n","protected":false},"excerpt":{"rendered":"<p>DeiC Interactive HPC Konsortiet tilbyder forskningsst\u00f8tte som service F\u00f8r projektstart Under projektets gennemf\u00f8relse Efter projektets afslutning *V\u00e6r opm\u00e6rksom p\u00e5, at Front Office-support ydes uden beregning, mens tjenester leveret af DeiC Interactive HPC Konsortiet kr\u00e6ver betaling.<\/p>\n","protected":false},"author":1,"featured_media":0,"parent":1812,"menu_order":0,"comment_status":"closed","ping_status":"closed","template":"templates\/template-full-width.php","meta":{"gtp_columnspro_styling":"{\"bd85b945-1175-4cf5-9463-cb81f9c0f783\":\". { position:relative; background-position-x: 50%;\\nbackground-position-y: 50%;\\nbackground-size: cover;\\ngap: 3%;\\nmin-height: 0px; }  \",\"08bd6f5c-aeb6-4f17-8997-045d394ec0c6\":\". { position:relative; background-position-x: 50%;\\nbackground-position-y: 50%;\\nbackground-size: cover;\\ngap: 3%;\\nmin-height: 0px; }  . .wp-block-column { margin-left: 0 !important; }\",\"ab89e68d-2754-4418-8cb0-cb3bb69a9b09\":\". { position:relative; background-position-x: 50%;\\nbackground-position-y: 50%;\\nbackground-size: cover;\\ngap: 3%;\\nmin-height: 0px; }  \",\"c28c6184-919f-44ae-aa30-376d6b4c39fb\":\". { position:relative; background-position-x: 50%;\\nbackground-position-y: 50%;\\nbackground-size: cover;\\ngap: 3%;\\nmin-height: 0px; }  . .wp-block-column { margin-left: 0 !important; }\"}","gtp_paragraph_styling":"{\"d10cf6bc-711c-49b8-9678-33922c222e6f\":\" .gp-gutenbergpro-d10cf { background-position-x: 50%;\\nbackground-position-y: 50%;\\nbackground-size: cover;\\nheight: px; }\",\"108a751d-fe8b-4daa-8c5f-82b88a9e2ba0\":\" .gp-gutenbergpro-108a7 { background-position-x: 50%;\\nbackground-position-y: 50%;\\nbackground-size: cover;\\nheight: px; }\",\"c4488b92-c67a-453d-b9c5-f3ed5d2a3320\":\" .gp-gutenbergpro-c4488 { background-position-x: 50%;\\nbackground-position-y: 50%;\\nbackground-size: cover;\\nheight: px; }\"}","gtp_heading_styling":"{\"66cbd463-0545-4761-a7f4-c417d9436944\":\" .gp-gutenbergpro-66cbd { background-position-x: 50%;\\nbackground-position-y: 50%;\\nbackground-size: cover;\\nletter-spacing: 0px !important;\\ntext-shadow: 0px 0px 0px ;\\nfont-family:  !important; }\",\"6599eb7b-f071-4dc0-8660-e3797f7b8b6d\":\" .gp-gutenbergpro-6599e { background-position-x: 50%;\\nbackground-position-y: 50%;\\nbackground-size: cover;\\nletter-spacing: 0px !important;\\ntext-shadow: 0px 0px 0px ;\\nfont-family:  !important; }\"}","gtp_spacer_styling":"{\"37d48850-a033-4003-891f-d3b6cd7b2451\":\".gp-gutenbergpro-37d48 { position:relative; background-position-x: 50%;\\nbackground-position-y: 50%;\\nbackground-size: cover; }\"}","gtp_video_styling":"{}","gtp_group_styling":"{\"31d22616-e1f7-44ab-861a-3f00c66cd793\":\"\"}","gtp_cover_styling":"{}","footnotes":""},"class_list":["post-1822","page","type-page","status-publish","hentry"],"lang":"da","translations":{"da":1822,"en":19},"pll_sync_post":[],"_links":{"self":[{"href":"https:\/\/interactivehpc.dk\/index.php?rest_route=\/wp\/v2\/pages\/1822","targetHints":{"allow":["GET"]}}],"collection":[{"href":"https:\/\/interactivehpc.dk\/index.php?rest_route=\/wp\/v2\/pages"}],"about":[{"href":"https:\/\/interactivehpc.dk\/index.php?rest_route=\/wp\/v2\/types\/page"}],"author":[{"embeddable":true,"href":"https:\/\/interactivehpc.dk\/index.php?rest_route=\/wp\/v2\/users\/1"}],"replies":[{"embeddable":true,"href":"https:\/\/interactivehpc.dk\/index.php?rest_route=%2Fwp%2Fv2%2Fcomments&post=1822"}],"version-history":[{"count":4,"href":"https:\/\/interactivehpc.dk\/index.php?rest_route=\/wp\/v2\/pages\/1822\/revisions"}],"predecessor-version":[{"id":2054,"href":"https:\/\/interactivehpc.dk\/index.php?rest_route=\/wp\/v2\/pages\/1822\/revisions\/2054"}],"up":[{"embeddable":true,"href":"https:\/\/interactivehpc.dk\/index.php?rest_route=\/wp\/v2\/pages\/1812"}],"wp:attachment":[{"href":"https:\/\/interactivehpc.dk\/index.php?rest_route=%2Fwp%2Fv2%2Fmedia&parent=1822"}],"curies":[{"name":"wp","href":"https:\/\/api.w.org\/{rel}","templated":true}]}}