{"id":1825,"date":"2025-03-28T12:00:01","date_gmt":"2025-03-28T12:00:01","guid":{"rendered":"https:\/\/interactivehpc.dk\/?page_id=1825"},"modified":"2025-06-11T08:55:11","modified_gmt":"2025-06-11T08:55:11","slug":"support","status":"publish","type":"page","link":"https:\/\/interactivehpc.dk\/?page_id=1825&lang=da","title":{"rendered":"Support"},"content":{"rendered":"\n<div class=\"wp-block-columns gp-gutenbergpro-7e1f2 is-layout-flex wp-container-core-columns-is-layout-9d6595d7 wp-block-columns-is-layout-flex\">\n<div class=\"wp-block-column gp-gutenbergpro-ddf0b has-ihpc-primary-2-tint-15-background-color has-background is-layout-flow wp-block-column-is-layout-flow\">\n<div class=\"wp-block-columns gp-gutenbergpro-b3cf8 is-layout-flex wp-container-core-columns-is-layout-9d6595d7 wp-block-columns-is-layout-flex\">\n<div class=\"wp-block-column gp-gutenbergpro-57514 is-layout-flow wp-block-column-is-layout-flow\" style=\"flex-basis:66.66%\">\n<p class=\"gp-gutenbergpro-3f934\"><strong>Interactive HPC driftstatus<\/strong><br><em><sub>Bem\u00e6rk, at denne status kun afspejler tekniske problemer med klyngen\/computeren. Andre problemer, s\u00e5som brugerbelastning, er kun synlige for Back Office-personale. Der arbejdes p\u00e5 en l\u00f8sning, der sikrer brugeradgang til disse oplysninger.<\/sub><\/em><\/p>\n<\/div>\n\n\n\n<div class=\"wp-block-column is-vertically-aligned-bottom gp-gutenbergpro-89034 is-layout-flow wp-block-column-is-layout-flow\" style=\"flex-basis:33.33%\">\n<div class=\"wp-block-buttons is-content-justification-center is-layout-flex wp-container-core-buttons-is-layout-28206b41 wp-block-buttons-is-layout-flex\">\n<div class=\"wp-block-button\"><a class=\"wp-block-button__link wp-element-button\" href=\"https:\/\/status.cloud.sdu.dk\/\" target=\"_blank\" rel=\"noreferrer noopener\">Driftstatus<\/a><\/div>\n<\/div>\n<\/div>\n<\/div>\n<\/div>\n<\/div>\n\n\n\n<div class=\"wp-block-columns gp-gutenbergpro-3ce3a is-layout-flex wp-container-core-columns-is-layout-9d6595d7 wp-block-columns-is-layout-flex\">\n<div class=\"wp-block-column gp-gutenbergpro-e376f is-layout-flow wp-block-column-is-layout-flow\" style=\"flex-basis:33%\">\n<h2 class=\"wp-block-heading gp-gutenbergpro-acdfd\">Front Office Support<\/h2>\n\n\n\n<p class=\"gp-gutenbergpro-6317d\">Kontakt dit lokale Front Office for hj\u00e6lp til:<\/p>\n\n\n\n<ul class=\"wp-block-list\">\n<li>Vejledning i brug af apps p\u00e5 platformen<\/li>\n\n\n\n<li>Udarbejdelse af hj\u00e6lpe-scripts til at tilpasse apps efter brugerens behov<\/li>\n\n\n\n<li>Fejlfinding hvis du oplever problemer med platformen<\/li>\n\n\n\n<li>Rapportering af systemfejl til Back Office<\/li>\n\n\n\n<li>Datamanagement support<\/li>\n\n\n\n<li>At give relevante links til brugervejledning mv.<\/li>\n\n\n\n<li>At give information om forskellige anvendelser og fordele ved Interactive HPC services<\/li>\n<\/ul>\n\n\n\n<p class=\"gp-gutenbergpro-3843d\">Hvis problemet er af systemteknisk karakter og kr\u00e6ver Back Office-support, vil dit Front Office st\u00e5 for videresendelsen.<\/p>\n<\/div>\n\n\n\n<div class=\"wp-block-column gp-gutenbergpro-2f902 is-layout-flow wp-block-column-is-layout-flow\" style=\"flex-basis:66.33%\">\n<figure class=\"wp-block-image size-large is-resized is-style-default\"><img loading=\"lazy\" decoding=\"async\" width=\"1024\" height=\"576\" src=\"https:\/\/interactivehpc.dk\/wp-content\/uploads\/2022\/08\/user-support-1024x576.png\" alt=\"\" class=\"wp-image-749\" style=\"width:780px;height:438px\" srcset=\"https:\/\/interactivehpc.dk\/wp-content\/uploads\/2022\/08\/user-support-1024x576.png 1024w, https:\/\/interactivehpc.dk\/wp-content\/uploads\/2022\/08\/user-support-300x169.png 300w, https:\/\/interactivehpc.dk\/wp-content\/uploads\/2022\/08\/user-support-768x432.png 768w, https:\/\/interactivehpc.dk\/wp-content\/uploads\/2022\/08\/user-support.png 1200w\" sizes=\"auto, (max-width: 1024px) 100vw, 1024px\" \/><\/figure>\n<\/div>\n<\/div>\n\n\n\n<div class=\"wp-block-columns gp-gutenbergpro-b8a68 is-layout-flex wp-container-core-columns-is-layout-9d6595d7 wp-block-columns-is-layout-flex\">\n<div class=\"wp-block-column gp-gutenbergpro-fcd92 is-layout-flow wp-block-column-is-layout-flow\">\n<h3 class=\"wp-block-heading has-text-align-left gp-gutenbergpro-3e8fd\">Kontakt dit lokale Front Office for support<\/h3>\n\n\n\n<p class=\"gp-gutenbergpro-c503e\">Der findes otte Front Offices \u2013 \u00e9t for hvert universitet \u2013 som hver is\u00e6r varetager deres egne brugere. De lokale Front Offices er ansvarlige for al Interactive HPC-support, du som bruger m\u00e5tte have behov for, og yder b\u00e5de HPC- og datamanagementsupport.<\/p>\n\n\n\n<p class=\"gp-gutenbergpro-ea7fb\">Kontakt Front Office p\u00e5 det universitet, du er tilknyttet, for:<\/p>\n\n\n\n<ul class=\"wp-block-list\">\n<li>Generel bruger-support relateret til Interactive HPC \u2013 UCloud.<\/li>\n\n\n\n<li>Hj\u00e6lp til generel datamanagement relateret til Interactive HPC \u2013 UCloud.<\/li>\n\n\n\n<li>Hj\u00e6lp til at blive fortrolig med brugen af HPC-ressourcerne.<\/li>\n<\/ul>\n\n\n\n<p class=\"gp-gutenbergpro-61d0c\">For mere information om Front Offices\u00a0<a href=\"https:\/\/www.deic.dk\/en\/Front-Office\">https:\/\/www.deic.dk\/en\/Front-Office<\/a><\/p>\n<\/div>\n\n\n\n<div class=\"wp-block-column gp-gutenbergpro-4ee28 is-layout-flow wp-block-column-is-layout-flow\">\n<p class=\"gp-gutenbergpro-57daf\"><\/p>\n\n\n\n<div class=\"wp-block-buttons is-layout-flex wp-block-buttons-is-layout-flex\">\n<div class=\"wp-block-button has-custom-width wp-block-button__width-100\"><a class=\"wp-block-button__link has-text-align-left wp-element-button\" href=\"mailto:claaudia@aau.dk\">Aalborg Universitet \u00bb<\/a><\/div>\n\n\n\n<div class=\"wp-block-button has-custom-width wp-block-button__width-100\"><a class=\"wp-block-button__link has-text-align-left wp-element-button\" href=\"mailto:deicfrontoffice@au.dk\" target=\"_blank\" rel=\"noreferrer noopener\">Aarhus Universitet \u00bb<\/a><\/div>\n\n\n\n<div class=\"wp-block-button has-custom-width wp-block-button__width-100\"><a class=\"wp-block-button__link has-text-align-left wp-element-button\" href=\"mailto:support@escience.sdu.dk\">Syddansk Universitet &#8211; SDU \u00bb<\/a><\/div>\n\n\n\n<div class=\"wp-block-button has-custom-width wp-block-button__width-100\"><a class=\"wp-block-button__link has-text-align-left wp-element-button\" href=\"mailto:rdm@cbs.dk\">Copenhagen Business School \u00bb<\/a><\/div>\n\n\n\n<div class=\"wp-block-button has-custom-width wp-block-button__width-100\"><a class=\"wp-block-button__link has-text-align-left wp-element-button\" href=\"mailto:frontoffice@itu.dk\">IT-Universitetet i K\u00f8benhavn \u00bb<\/a><\/div>\n\n\n\n<div class=\"wp-block-button has-custom-width wp-block-button__width-100\"><a class=\"wp-block-button__link has-text-align-left wp-element-button\" href=\"mailto:front-office@adm.ku.dk\">K\u00f8benhavns Universitet \u00bb<\/a><\/div>\n\n\n\n<div class=\"wp-block-button has-custom-width wp-block-button__width-100\"><a class=\"wp-block-button__link has-text-align-left wp-element-button\" href=\"mailto:msk@ruc.dk\">Roskilde Universitet \u00bb<\/a><\/div>\n\n\n\n<div class=\"wp-block-button has-custom-width wp-block-button__width-100\"><a class=\"wp-block-button__link has-text-align-left wp-element-button\" href=\"mailto:deic-frontoffice@dtu.dk\">Danmarks tekniske Universitet \u00bb<\/a><\/div>\n<\/div>\n<\/div>\n<\/div>\n\n\n\n<p class=\"gp-gutenbergpro-7af1a\"><\/p>\n\n\n\n<div class=\"wp-block-columns gp-gutenbergpro-4952b has-ihpc-primary-2-tint-15-background-color has-background is-layout-flex wp-container-core-columns-is-layout-9d6595d7 wp-block-columns-is-layout-flex\">\n<div class=\"wp-block-column gp-gutenbergpro-18fcd is-layout-flow wp-block-column-is-layout-flow\" style=\"flex-basis:66.66%\">\n<h4 class=\"wp-block-heading gp-gutenbergpro-7992c\">Nyttige links for Interactive HPC-brugere<\/h4>\n\n\n\n<p class=\"gp-gutenbergpro-77a43\"><strong>Brugervejledning<\/strong><\/p>\n\n\n\n<p class=\"gp-gutenbergpro-b77e4\"><em><sub>Bes\u00f8g brugervejledningen for detaljeret information om, hvordan du kommer i gang, navigerer p\u00e5 siden og starter opgaver.<br>Vejledningen indeholder ogs\u00e5 videoguides til brugere.<\/sub><\/em><\/p>\n\n\n\n<p class=\"gp-gutenbergpro-32e96\"><a href=\"https:\/\/docs.cloud.sdu.dk\/index.html\"><code>https:\/\/docs.cloud.sdu.dk\/index.html<\/code><\/a><\/p>\n\n\n\n<hr class=\"wp-block-separator has-alpha-channel-opacity\"\/>\n\n\n\n<p class=\"gp-gutenbergpro-ffb3f\"><strong>Direkte link til UCloud<\/strong><\/p>\n\n\n\n<p class=\"gp-gutenbergpro-5ba00\"><em><sub>Klar til at begynde at bruge Interactive HPC? Log ind p\u00e5 UCloud:<\/sub><\/em><\/p>\n\n\n\n<p class=\"gp-gutenbergpro-9cf4c\"><a href=\"https:\/\/cloud.sdu.dk\/\"><code>https:\/\/cloud.sdu.dk\/<\/code><\/a><\/p>\n\n\n\n<hr class=\"wp-block-separator has-alpha-channel-opacity\"\/>\n\n\n\n<p class=\"gp-gutenbergpro-d0a63\"><strong>FAQ<\/strong> <\/p>\n\n\n\n<p class=\"gp-gutenbergpro-a673d\"><sub><em>Ofte stillede sp\u00f8rgsm\u00e5l fra UCloud-brugere \u2013 b\u00e5de forskere og studerende.<\/em><\/sub><\/p>\n\n\n\n<p class=\"gp-gutenbergpro-814b0\"><a href=\"https:\/\/docs.cloud.sdu.dk\/help\/faq.html\"><code>https:\/\/docs.cloud.sdu.dk\/help\/faq.html<\/code><\/a><\/p>\n\n\n\n<hr class=\"wp-block-separator has-alpha-channel-opacity\"\/>\n\n\n\n<p class=\"gp-gutenbergpro-cc085\"><strong>Driftsstatus for Interactive HPC (for brugere)<\/strong><\/p>\n\n\n\n<p class=\"gp-gutenbergpro-12583\"><sub><em>Bem\u00e6rk, at denne status kun viser tekniske problemer med klyngen\/computeren.<br>Andre problemer, s\u00e5som bruger-overload, er kun synlige for Back Office-personale.<\/em><\/sub><\/p>\n\n\n\n<p class=\"gp-gutenbergpro-14c6b\"><a href=\"https:\/\/status.cloud.sdu.dk\/\"><code>https:\/\/status.cloud.sdu.dk\/<\/code><\/a><\/p>\n\n\n\n<hr class=\"wp-block-separator has-alpha-channel-opacity\"\/>\n\n\n\n<p class=\"gp-gutenbergpro-97f5b\"><strong>Apps-dokumentation<\/strong><br><sub><em>UCloud-dokumentation for pr\u00e6installerede apps<\/em><\/sub><\/p>\n\n\n\n<p class=\"gp-gutenbergpro-6225d\"><a href=\"https:\/\/docs.cloud.sdu.dk\/Apps\/apps_index.html\" target=\"_blank\" rel=\"noreferrer noopener\"><code>https:\/\/docs.cloud.sdu.dk\/Apps\/apps_index.html<\/code><\/a><\/p>\n\n\n\n<div class=\"wp-block-columns gp-gutenbergpro-2d345 is-layout-flex wp-container-core-columns-is-layout-9d6595d7 wp-block-columns-is-layout-flex\">\n<div class=\"wp-block-column gp-gutenbergpro-b2938 is-layout-flow wp-block-column-is-layout-flow\" style=\"flex-basis:100%\"><\/div>\n<\/div>\n<\/div>\n\n\n\n<div class=\"wp-block-column gp-gutenbergpro-be3b2 is-layout-flow wp-block-column-is-layout-flow\" style=\"flex-basis:33.33%\"><\/div>\n<\/div>\n\n\n","protected":false},"excerpt":{"rendered":"<p>Interactive HPC driftstatusBem\u00e6rk, at denne status kun afspejler tekniske problemer med klyngen\/computeren. Andre problemer, s\u00e5som brugerbelastning, er kun synlige for Back Office-personale. Der arbejdes p\u00e5 en l\u00f8sning, der sikrer brugeradgang til disse oplysninger. Front Office Support Kontakt dit lokale Front Office for hj\u00e6lp til: Hvis problemet er af systemteknisk karakter og kr\u00e6ver Back Office-support, vil [&hellip;]<\/p>\n","protected":false},"author":1,"featured_media":0,"parent":0,"menu_order":0,"comment_status":"closed","ping_status":"closed","template":"templates\/template-full-width.php","meta":{"gtp_columnspro_styling":"{\"bc9123a4-999b-4ee2-b39f-8e2eb8429851\":\".gp-gutenbergpro-57514 { position:relative; background-position-x: 50%;\\nbackground-position-y: 50%;\\nbackground-size: cover;\\ngap: 3%;\\nmin-height: 0px; }  \",\"8a4cf355-0237-4714-aeac-6d994bdf1be5\":\".gp-gutenbergpro-89034 { position:relative; background-position-x: 50%;\\nbackground-position-y: 50%;\\nbackground-size: cover;\\ngap: 3%;\\nmin-height: 0px; }  \",\"96319656-6f93-4e8a-beaa-664a3a74d099\":\".gp-gutenbergpro-b3cf8 { position:relative; background-position-x: 50%;\\nbackground-position-y: 50%;\\nbackground-size: cover;\\ngap: 3%;\\nmin-height: 0px; }  .gp-gutenbergpro-b3cf8 .wp-block-column { margin-left: 0 !important; }\",\"967aed7f-c1af-41ec-af5c-2b322c656adc\":\".gp-gutenbergpro-ddf0b { position:relative; background-position-x: 50%;\\nbackground-position-y: 50%;\\nbackground-size: cover;\\ngap: 3%;\\nmin-height: 0px; }  \",\"754fae28-42f0-41cd-8f24-7e86651cbcdf\":\".gp-gutenbergpro-7e1f2 { position:relative; background-position-x: 50%;\\nbackground-position-y: 50%;\\nbackground-size: cover;\\ngap: 3%;\\nmin-height: 0px; }  .gp-gutenbergpro-7e1f2 .wp-block-column { margin-left: 0 !important; }\",\"99db71b7-bbee-4d2f-8e05-ea12bb8b3316\":\". { position:relative; background-position-x: 50%;\\nbackground-position-y: 50%;\\nbackground-size: cover;\\ngap: 3%;\\nmin-height: 0px; }  \",\"73698104-15b9-41c5-b3b0-3df0762a9bf3\":\".gp-gutenbergpro-2f902 { position:relative; background-position-x: 50%;\\nbackground-position-y: 50%;\\nbackground-size: cover;\\ngap: 3%;\\nmin-height: 0px; }  \",\"81140d97-a811-4051-af7a-ab6b5c5a73ca\":\".gp-gutenbergpro-3ce3a { position:relative; background-position-x: 50%;\\nbackground-position-y: 50%;\\nbackground-size: cover;\\ngap: 3%;\\nmin-height: 0px; }  .gp-gutenbergpro-3ce3a .wp-block-column { margin-left: 0 !important; }\",\"3573f61a-7961-4722-b127-216dd04babeb\":\".gp-gutenbergpro-fcd92 { position:relative; background-position-x: 50%;\\nbackground-position-y: 50%;\\nbackground-size: cover;\\ngap: 3%;\\nmin-height: 0px; }  \",\"aaac44b6-e6bc-4357-a2fc-3dc32f9fbcf3\":\".gp-gutenbergpro-4ee28 { position:relative; background-position-x: 50%;\\nbackground-position-y: 50%;\\nbackground-size: cover;\\ngap: 3%;\\nmin-height: 0px; }  \",\"ceef3631-d6b0-4339-9952-64f4bc9165c8\":\".gp-gutenbergpro-b8a68 { position:relative; background-position-x: 50%;\\nbackground-position-y: 50%;\\nbackground-size: cover;\\ngap: 3%;\\nmin-height: 0px; }  .gp-gutenbergpro-b8a68 .wp-block-column { margin-left: 0 !important; }\",\"83bb96ac-7888-4d25-bed8-37987ae43b0c\":\".gp-gutenbergpro-2d345 { position:relative; background-position-x: 50%;\\nbackground-position-y: 50%;\\nbackground-size: cover;\\ngap: 3%;\\nmin-height: 0px; }  .gp-gutenbergpro-2d345 .wp-block-column { margin-left: 0 !important; }\",\"386bd3db-7352-4cfe-9fd5-80e45987c647\":\". { position:relative; background-position-x: 50%;\\nbackground-position-y: 50%;\\nbackground-size: cover;\\ngap: 3%;\\nmin-height: 0px; }  \",\"3d0d9ea4-bd19-4b3d-8a00-0d0eb9527c2d\":\".gp-gutenbergpro-4952b { position:relative; background-position-x: 50%;\\nbackground-position-y: 50%;\\nbackground-size: cover;\\ngap: 3%;\\nmin-height: 0px; }  .gp-gutenbergpro-4952b .wp-block-column { margin-left: 0 !important; }\"}","gtp_paragraph_styling":"{\"6225db51-f1bb-4a8f-93cc-c17591c06202\":\" .gp-gutenbergpro-6225d { background-position-x: 50%;\\nbackground-position-y: 50%;\\nbackground-size: cover;\\nheight: px; }\",\"6317dd7f-bf70-4b0f-a24d-fb472b444026\":\" .gp-gutenbergpro-6317d { background-position-x: 50%;\\nbackground-position-y: 50%;\\nbackground-size: cover;\\nheight: px; }\",\"3843dce0-3e7d-4952-8897-d3cc5e0165aa\":\" .gp-gutenbergpro-3843d { background-position-x: 50%;\\nbackground-position-y: 50%;\\nbackground-size: cover;\\nheight: px; }\",\"ea7fb22a-4a67-4815-8367-67733d950c81\":\" .gp-gutenbergpro-ea7fb { background-position-x: 50%;\\nbackground-position-y: 50%;\\nbackground-size: cover;\\nheight: px; }\",\"c503e360-45f4-43d6-8aae-7baf33184f43\":\" .gp-gutenbergpro-c503e { background-position-x: 50%;\\nbackground-position-y: 50%;\\nbackground-size: cover;\\nheight: px; }\",\"61d0ced8-25c0-4199-b2d3-f0f012dea7c5\":\" .gp-gutenbergpro-61d0c { background-position-x: 50%;\\nbackground-position-y: 50%;\\nbackground-size: cover;\\nheight: px; }\",\"77a43956-898b-405e-8a0b-295490432b54\":\" .gp-gutenbergpro-77a43 { background-position-x: 50%;\\nbackground-position-y: 50%;\\nbackground-size: cover;\\nheight: px; }\",\"ffb3f148-8d70-4992-843d-5d81e4009de3\":\" .gp-gutenbergpro-ffb3f { background-position-x: 50%;\\nbackground-position-y: 50%;\\nbackground-size: cover;\\nheight: px; }\",\"5ba00849-6ae8-4f4f-b850-9182ddeac243\":\" .gp-gutenbergpro-5ba00 { background-position-x: 50%;\\nbackground-position-y: 50%;\\nbackground-size: cover;\\nheight: px; }\",\"b77e4778-a0a3-4b34-9c52-bac3496acf30\":\" .gp-gutenbergpro-b77e4 { background-position-x: 50%;\\nbackground-position-y: 50%;\\nbackground-size: cover;\\nheight: px; }\",\"d0a63229-ad19-455a-898a-c2a61f192ad6\":\" .gp-gutenbergpro-d0a63 { background-position-x: 50%;\\nbackground-position-y: 50%;\\nbackground-size: cover;\\nheight: px; }\",\"a673dcf5-441c-440c-a217-98d9d41a4b49\":\" .gp-gutenbergpro-a673d { background-position-x: 50%;\\nbackground-position-y: 50%;\\nbackground-size: cover;\\nheight: px; }\",\"cc08576f-68a3-4d64-80da-80e41f89f96e\":\" .gp-gutenbergpro-cc085 { background-position-x: 50%;\\nbackground-position-y: 50%;\\nbackground-size: cover;\\nheight: px; }\",\"12583732-2d14-4da8-af2a-683aac59ec9d\":\" .gp-gutenbergpro-12583 { background-position-x: 50%;\\nbackground-position-y: 50%;\\nbackground-size: cover;\\nheight: px; }\",\"97f5b0ca-cd64-4fcd-81d8-ca4312d27ac3\":\" .gp-gutenbergpro-97f5b { background-position-x: 50%;\\nbackground-position-y: 50%;\\nbackground-size: cover;\\nheight: px; }\"}","gtp_heading_styling":"{\"7992cb8d-f8d2-4a50-963e-3f3acc084a2f\":\" .gp-gutenbergpro-7992c { background-position-x: 50%;\\nbackground-position-y: 50%;\\nbackground-size: cover;\\nletter-spacing: 0px !important;\\ntext-shadow: 0px 0px 0px ;\\nfont-family:  !important; }\",\"3e8fdb87-b74b-4233-b56b-bce3a686f4f0\":\" .gp-gutenbergpro-3e8fd { background-position-x: 50%;\\nbackground-position-y: 50%;\\nbackground-size: cover;\\nletter-spacing: 0px !important;\\ntext-shadow: 0px 0px 0px ;\\nfont-family:  !important; }\"}","gtp_spacer_styling":"{}","gtp_video_styling":"{}","gtp_group_styling":"{\"e45be302-a981-4b2c-a463-9fe081136fa1\":\"\",\"4704c85b-b74e-4209-9c82-cde21d9ee05f\":\"\",\"719f0e2f-e72d-4e2b-8fd1-e7046b883707\":\"\",\"baa040b8-471c-49e9-bc61-a7b4a25a6f76\":\"\"}","gtp_cover_styling":"{}","footnotes":"[]"},"class_list":["post-1825","page","type-page","status-publish","hentry"],"lang":"da","translations":{"da":1825,"en":214},"pll_sync_post":[],"_links":{"self":[{"href":"https:\/\/interactivehpc.dk\/index.php?rest_route=\/wp\/v2\/pages\/1825","targetHints":{"allow":["GET"]}}],"collection":[{"href":"https:\/\/interactivehpc.dk\/index.php?rest_route=\/wp\/v2\/pages"}],"about":[{"href":"https:\/\/interactivehpc.dk\/index.php?rest_route=\/wp\/v2\/types\/page"}],"author":[{"embeddable":true,"href":"https:\/\/interactivehpc.dk\/index.php?rest_route=\/wp\/v2\/users\/1"}],"replies":[{"embeddable":true,"href":"https:\/\/interactivehpc.dk\/index.php?rest_route=%2Fwp%2Fv2%2Fcomments&post=1825"}],"version-history":[{"count":6,"href":"https:\/\/interactivehpc.dk\/index.php?rest_route=\/wp\/v2\/pages\/1825\/revisions"}],"predecessor-version":[{"id":2031,"href":"https:\/\/interactivehpc.dk\/index.php?rest_route=\/wp\/v2\/pages\/1825\/revisions\/2031"}],"wp:attachment":[{"href":"https:\/\/interactivehpc.dk\/index.php?rest_route=%2Fwp%2Fv2%2Fmedia&parent=1825"}],"curies":[{"name":"wp","href":"https:\/\/api.w.org\/{rel}","templated":true}]}}