{"id":2,"date":"2022-05-10T20:05:42","date_gmt":"2022-05-10T20:05:42","guid":{"rendered":"http:\/\/interactivehpc.dk\/?page_id=2"},"modified":"2025-11-13T11:32:20","modified_gmt":"2025-11-13T11:32:20","slug":"sample-page","status":"publish","type":"page","link":"https:\/\/interactivehpc.dk\/","title":{"rendered":"Front Page"},"content":{"rendered":"\n<div class=\"wp-block-group alignfull gp-gutenbergpro-0c523 has-ihpc-primary-2-tint-15-color has-ihpc-base-background-color has-text-color has-background is-layout-flow wp-block-group-is-layout-flow\">\n<div class=\"wp-block-columns gp-gutenbergpro-ede1b is-layout-flex wp-container-core-columns-is-layout-9d6595d7 wp-block-columns-is-layout-flex\">\n<div class=\"wp-block-column gp-gutenbergpro-c02b8 is-layout-flow wp-block-column-is-layout-flow\" style=\"flex-basis:80%\">\n<h2 class=\"wp-block-heading gp-gutenbergpro-d5af8\">Interactive HPC via UCloud<\/h2>\n\n\n\n<p class=\"gp-gutenbergpro-0cb6e\">Interactivehpc.dk is a digital resource for Interactive HPC users &#8211; a centralised hub of information and resources from the Interactive HPC Consortium partners to all UCloud users.<\/p>\n\n\n\n<p class=\"gp-gutenbergpro-3c8ea\">This is where we share your brilliant use cases and news about apps, features, tutorials and updates to Interactive HPC also known as UCloud.<\/p>\n\n\n\n<div class=\"wp-block-buttons is-layout-flex wp-block-buttons-is-layout-flex\">\n<div class=\"wp-block-button\"><a class=\"wp-block-button__link wp-element-button\" href=\"https:\/\/interactivehpc.dk\/?page_id=192\">Read more<\/a><\/div>\n<\/div>\n<\/div>\n\n\n\n<div class=\"wp-block-column gp-gutenbergpro-bd8c6 is-layout-flow wp-block-column-is-layout-flow\" style=\"flex-basis:20%\"><\/div>\n<\/div>\n<\/div>\n\n\n<ul class=\"wp-block-latest-posts__list has-dates wp-block-latest-posts\"><li><div class=\"wp-block-latest-posts__featured-image\"><a href=\"https:\/\/interactivehpc.dk\/?p=2870&#038;lang=da\" aria-label=\"Ny national supercomputerkapacitet tilg\u00e6ngelig via UCloud\u00a0\"><img loading=\"lazy\" decoding=\"async\" width=\"580\" height=\"305\" src=\"https:\/\/interactivehpc.dk\/wp-content\/uploads\/2026\/05\/Danfoss_2-1024x538.jpg\" class=\"attachment-large size-large wp-post-image\" alt=\"\" style=\"\" srcset=\"https:\/\/interactivehpc.dk\/wp-content\/uploads\/2026\/05\/Danfoss_2-1024x538.jpg 1024w, https:\/\/interactivehpc.dk\/wp-content\/uploads\/2026\/05\/Danfoss_2-300x158.jpg 300w, https:\/\/interactivehpc.dk\/wp-content\/uploads\/2026\/05\/Danfoss_2-768x403.jpg 768w, https:\/\/interactivehpc.dk\/wp-content\/uploads\/2026\/05\/Danfoss_2.jpg 1200w\" sizes=\"auto, (max-width: 580px) 100vw, 580px\" \/><\/a><\/div><a class=\"wp-block-latest-posts__post-title\" href=\"https:\/\/interactivehpc.dk\/?p=2870&#038;lang=da\">Ny national supercomputerkapacitet tilg\u00e6ngelig via UCloud\u00a0<\/a><time datetime=\"2026-05-07T08:48:13+00:00\" class=\"wp-block-latest-posts__post-date\">May 7, 2026<\/time><\/li>\n<li><div class=\"wp-block-latest-posts__featured-image\"><a href=\"https:\/\/interactivehpc.dk\/?p=2859\" aria-label=\"New national supercomputing capacity available through\u00a0UCloud\u00a0\"><img loading=\"lazy\" decoding=\"async\" width=\"580\" height=\"305\" src=\"https:\/\/interactivehpc.dk\/wp-content\/uploads\/2026\/05\/Danfoss_2-1024x538.jpg\" class=\"attachment-large size-large wp-post-image\" alt=\"\" style=\"\" srcset=\"https:\/\/interactivehpc.dk\/wp-content\/uploads\/2026\/05\/Danfoss_2-1024x538.jpg 1024w, https:\/\/interactivehpc.dk\/wp-content\/uploads\/2026\/05\/Danfoss_2-300x158.jpg 300w, https:\/\/interactivehpc.dk\/wp-content\/uploads\/2026\/05\/Danfoss_2-768x403.jpg 768w, https:\/\/interactivehpc.dk\/wp-content\/uploads\/2026\/05\/Danfoss_2.jpg 1200w\" sizes=\"auto, (max-width: 580px) 100vw, 580px\" \/><\/a><\/div><a class=\"wp-block-latest-posts__post-title\" href=\"https:\/\/interactivehpc.dk\/?p=2859\">New national supercomputing capacity available through\u00a0UCloud\u00a0<\/a><time datetime=\"2026-05-07T08:41:55+00:00\" class=\"wp-block-latest-posts__post-date\">May 7, 2026<\/time><\/li>\n<li><div class=\"wp-block-latest-posts__featured-image\"><a href=\"https:\/\/interactivehpc.dk\/?p=2820&#038;lang=da\" aria-label=\"Nyt\u00a0datacenter\u00a0til\u00a0UCloud\u00a0\u2013\u00a0hvad\u00a0betyder\u00a0det for dig?\u00a0\"><img loading=\"lazy\" decoding=\"async\" width=\"580\" height=\"305\" src=\"https:\/\/interactivehpc.dk\/wp-content\/uploads\/2026\/03\/Featured-image-datacenter-warning-1024x538.jpg\" class=\"attachment-large size-large wp-post-image\" alt=\"\" style=\"\" srcset=\"https:\/\/interactivehpc.dk\/wp-content\/uploads\/2026\/03\/Featured-image-datacenter-warning-1024x538.jpg 1024w, https:\/\/interactivehpc.dk\/wp-content\/uploads\/2026\/03\/Featured-image-datacenter-warning-300x158.jpg 300w, https:\/\/interactivehpc.dk\/wp-content\/uploads\/2026\/03\/Featured-image-datacenter-warning-768x403.jpg 768w, https:\/\/interactivehpc.dk\/wp-content\/uploads\/2026\/03\/Featured-image-datacenter-warning.jpg 1200w\" sizes=\"auto, (max-width: 580px) 100vw, 580px\" \/><\/a><\/div><a class=\"wp-block-latest-posts__post-title\" href=\"https:\/\/interactivehpc.dk\/?p=2820&#038;lang=da\">Nyt\u00a0datacenter\u00a0til\u00a0UCloud\u00a0\u2013\u00a0hvad\u00a0betyder\u00a0det for dig?\u00a0<\/a><time datetime=\"2026-03-17T15:38:49+00:00\" class=\"wp-block-latest-posts__post-date\">March 17, 2026<\/time><\/li>\n<li><div class=\"wp-block-latest-posts__featured-image\"><a href=\"https:\/\/interactivehpc.dk\/?p=2799\" aria-label=\"New data centre for\u00a0UCloud\u00a0\u2013 what does it mean for you?\u00a0\"><img loading=\"lazy\" decoding=\"async\" width=\"580\" height=\"305\" src=\"https:\/\/interactivehpc.dk\/wp-content\/uploads\/2026\/03\/Featured-image-datacenter-warning-1024x538.jpg\" class=\"attachment-large size-large wp-post-image\" alt=\"\" style=\"\" srcset=\"https:\/\/interactivehpc.dk\/wp-content\/uploads\/2026\/03\/Featured-image-datacenter-warning-1024x538.jpg 1024w, https:\/\/interactivehpc.dk\/wp-content\/uploads\/2026\/03\/Featured-image-datacenter-warning-300x158.jpg 300w, https:\/\/interactivehpc.dk\/wp-content\/uploads\/2026\/03\/Featured-image-datacenter-warning-768x403.jpg 768w, https:\/\/interactivehpc.dk\/wp-content\/uploads\/2026\/03\/Featured-image-datacenter-warning.jpg 1200w\" sizes=\"auto, (max-width: 580px) 100vw, 580px\" \/><\/a><\/div><a class=\"wp-block-latest-posts__post-title\" href=\"https:\/\/interactivehpc.dk\/?p=2799\">New data centre for\u00a0UCloud\u00a0\u2013 what does it mean for you?\u00a0<\/a><time datetime=\"2026-03-17T15:32:32+00:00\" class=\"wp-block-latest-posts__post-date\">March 17, 2026<\/time><\/li>\n<li><div class=\"wp-block-latest-posts__featured-image\"><a href=\"https:\/\/interactivehpc.dk\/?p=2804&#038;lang=da\" aria-label=\"Introducing RAGFlow: Enabling Smarter Research with AI-Powered Search\"><img loading=\"lazy\" decoding=\"async\" width=\"580\" height=\"305\" src=\"https:\/\/interactivehpc.dk\/wp-content\/uploads\/2026\/03\/Featured-image-RAGFlow-1-1024x538.jpg\" class=\"attachment-large size-large wp-post-image\" alt=\"\" style=\"\" srcset=\"https:\/\/interactivehpc.dk\/wp-content\/uploads\/2026\/03\/Featured-image-RAGFlow-1-1024x538.jpg 1024w, https:\/\/interactivehpc.dk\/wp-content\/uploads\/2026\/03\/Featured-image-RAGFlow-1-300x158.jpg 300w, https:\/\/interactivehpc.dk\/wp-content\/uploads\/2026\/03\/Featured-image-RAGFlow-1-768x403.jpg 768w, https:\/\/interactivehpc.dk\/wp-content\/uploads\/2026\/03\/Featured-image-RAGFlow-1.jpg 1200w\" sizes=\"auto, (max-width: 580px) 100vw, 580px\" \/><\/a><\/div><a class=\"wp-block-latest-posts__post-title\" href=\"https:\/\/interactivehpc.dk\/?p=2804&#038;lang=da\">Introducing RAGFlow: Enabling Smarter Research with AI-Powered Search<\/a><time datetime=\"2026-03-17T12:05:55+00:00\" class=\"wp-block-latest-posts__post-date\">March 17, 2026<\/time><\/li>\n<li><div class=\"wp-block-latest-posts__featured-image\"><a href=\"https:\/\/interactivehpc.dk\/?p=2759\" aria-label=\"Introducing RAGFlow: Enabling Smarter Research with AI-Powered Search\"><img loading=\"lazy\" decoding=\"async\" width=\"580\" height=\"305\" src=\"https:\/\/interactivehpc.dk\/wp-content\/uploads\/2026\/03\/Featured-image-RAGFlow-1-1024x538.jpg\" class=\"attachment-large size-large wp-post-image\" alt=\"\" style=\"\" srcset=\"https:\/\/interactivehpc.dk\/wp-content\/uploads\/2026\/03\/Featured-image-RAGFlow-1-1024x538.jpg 1024w, https:\/\/interactivehpc.dk\/wp-content\/uploads\/2026\/03\/Featured-image-RAGFlow-1-300x158.jpg 300w, https:\/\/interactivehpc.dk\/wp-content\/uploads\/2026\/03\/Featured-image-RAGFlow-1-768x403.jpg 768w, https:\/\/interactivehpc.dk\/wp-content\/uploads\/2026\/03\/Featured-image-RAGFlow-1.jpg 1200w\" sizes=\"auto, (max-width: 580px) 100vw, 580px\" \/><\/a><\/div><a class=\"wp-block-latest-posts__post-title\" href=\"https:\/\/interactivehpc.dk\/?p=2759\">Introducing RAGFlow: Enabling Smarter Research with AI-Powered Search<\/a><time datetime=\"2026-03-17T12:04:02+00:00\" class=\"wp-block-latest-posts__post-date\">March 17, 2026<\/time><\/li>\n<li><div class=\"wp-block-latest-posts__featured-image\"><a href=\"https:\/\/interactivehpc.dk\/?p=2637&#038;lang=da\" aria-label=\"Ny aftale styrker samarbejdet om DeiC Interactive HPC\"><img loading=\"lazy\" decoding=\"async\" width=\"580\" height=\"305\" src=\"https:\/\/interactivehpc.dk\/wp-content\/uploads\/2026\/03\/New_contract_deic_interactive_hpc-1024x538.jpg\" class=\"attachment-large size-large wp-post-image\" alt=\"\" style=\"\" srcset=\"https:\/\/interactivehpc.dk\/wp-content\/uploads\/2026\/03\/New_contract_deic_interactive_hpc-1024x538.jpg 1024w, https:\/\/interactivehpc.dk\/wp-content\/uploads\/2026\/03\/New_contract_deic_interactive_hpc-300x158.jpg 300w, https:\/\/interactivehpc.dk\/wp-content\/uploads\/2026\/03\/New_contract_deic_interactive_hpc-768x403.jpg 768w, https:\/\/interactivehpc.dk\/wp-content\/uploads\/2026\/03\/New_contract_deic_interactive_hpc.jpg 1200w\" sizes=\"auto, (max-width: 580px) 100vw, 580px\" \/><\/a><\/div><a class=\"wp-block-latest-posts__post-title\" href=\"https:\/\/interactivehpc.dk\/?p=2637&#038;lang=da\">Ny aftale styrker samarbejdet om DeiC Interactive HPC<\/a><time datetime=\"2026-03-13T09:00:00+00:00\" class=\"wp-block-latest-posts__post-date\">March 13, 2026<\/time><\/li>\n<li><div class=\"wp-block-latest-posts__featured-image\"><a href=\"https:\/\/interactivehpc.dk\/?p=2631\" aria-label=\"New Agreement Strengthens Collaboration on DeiC Interactive HPC\"><img loading=\"lazy\" decoding=\"async\" width=\"580\" height=\"305\" src=\"https:\/\/interactivehpc.dk\/wp-content\/uploads\/2026\/03\/New_contract_deic_interactive_hpc-1024x538.jpg\" class=\"attachment-large size-large wp-post-image\" alt=\"\" style=\"\" srcset=\"https:\/\/interactivehpc.dk\/wp-content\/uploads\/2026\/03\/New_contract_deic_interactive_hpc-1024x538.jpg 1024w, https:\/\/interactivehpc.dk\/wp-content\/uploads\/2026\/03\/New_contract_deic_interactive_hpc-300x158.jpg 300w, https:\/\/interactivehpc.dk\/wp-content\/uploads\/2026\/03\/New_contract_deic_interactive_hpc-768x403.jpg 768w, https:\/\/interactivehpc.dk\/wp-content\/uploads\/2026\/03\/New_contract_deic_interactive_hpc.jpg 1200w\" sizes=\"auto, (max-width: 580px) 100vw, 580px\" \/><\/a><\/div><a class=\"wp-block-latest-posts__post-title\" href=\"https:\/\/interactivehpc.dk\/?p=2631\">New Agreement Strengthens Collaboration on DeiC Interactive HPC<\/a><time datetime=\"2026-03-13T09:00:00+00:00\" class=\"wp-block-latest-posts__post-date\">March 13, 2026<\/time><\/li>\n<li><div class=\"wp-block-latest-posts__featured-image\"><a href=\"https:\/\/interactivehpc.dk\/?p=2563\" aria-label=\"UCloud Provides Student Access to Advanced NLP in Teaching\u00a0\"><img loading=\"lazy\" decoding=\"async\" width=\"580\" height=\"305\" src=\"https:\/\/interactivehpc.dk\/wp-content\/uploads\/2026\/02\/Teaching-using-ucloud_1-1024x538.jpg\" class=\"attachment-large size-large wp-post-image\" alt=\"\" style=\"\" srcset=\"https:\/\/interactivehpc.dk\/wp-content\/uploads\/2026\/02\/Teaching-using-ucloud_1-1024x538.jpg 1024w, https:\/\/interactivehpc.dk\/wp-content\/uploads\/2026\/02\/Teaching-using-ucloud_1-300x158.jpg 300w, https:\/\/interactivehpc.dk\/wp-content\/uploads\/2026\/02\/Teaching-using-ucloud_1-768x403.jpg 768w, https:\/\/interactivehpc.dk\/wp-content\/uploads\/2026\/02\/Teaching-using-ucloud_1.jpg 1200w\" sizes=\"auto, (max-width: 580px) 100vw, 580px\" \/><\/a><\/div><a class=\"wp-block-latest-posts__post-title\" href=\"https:\/\/interactivehpc.dk\/?p=2563\">UCloud Provides Student Access to Advanced NLP in Teaching\u00a0<\/a><time datetime=\"2026-02-25T13:17:13+00:00\" class=\"wp-block-latest-posts__post-date\">February 25, 2026<\/time><\/li>\n<li><div class=\"wp-block-latest-posts__featured-image\"><a href=\"https:\/\/interactivehpc.dk\/?p=2576&#038;lang=da\" aria-label=\"UCloud giver studerende adgang til avanceret NLP i undervisningen\u00a0\"><img loading=\"lazy\" decoding=\"async\" width=\"580\" height=\"305\" src=\"https:\/\/interactivehpc.dk\/wp-content\/uploads\/2026\/02\/Teaching-using-ucloud_1-1024x538.jpg\" class=\"attachment-large size-large wp-post-image\" alt=\"\" style=\"\" srcset=\"https:\/\/interactivehpc.dk\/wp-content\/uploads\/2026\/02\/Teaching-using-ucloud_1-1024x538.jpg 1024w, https:\/\/interactivehpc.dk\/wp-content\/uploads\/2026\/02\/Teaching-using-ucloud_1-300x158.jpg 300w, https:\/\/interactivehpc.dk\/wp-content\/uploads\/2026\/02\/Teaching-using-ucloud_1-768x403.jpg 768w, https:\/\/interactivehpc.dk\/wp-content\/uploads\/2026\/02\/Teaching-using-ucloud_1.jpg 1200w\" sizes=\"auto, (max-width: 580px) 100vw, 580px\" \/><\/a><\/div><a class=\"wp-block-latest-posts__post-title\" href=\"https:\/\/interactivehpc.dk\/?p=2576&#038;lang=da\">UCloud giver studerende adgang til avanceret NLP i undervisningen\u00a0<\/a><time datetime=\"2026-02-25T13:17:01+00:00\" class=\"wp-block-latest-posts__post-date\">February 25, 2026<\/time><\/li>\n<li><div class=\"wp-block-latest-posts__featured-image\"><a href=\"https:\/\/interactivehpc.dk\/?p=2560&#038;lang=da\" aria-label=\"H2-2026 Nationalt HPC kald er \u00e5bent\"><img loading=\"lazy\" decoding=\"async\" width=\"580\" height=\"305\" src=\"https:\/\/interactivehpc.dk\/wp-content\/uploads\/2026\/01\/HPC-call-1024x538.png\" class=\"attachment-large size-large wp-post-image\" alt=\"\" style=\"\" srcset=\"https:\/\/interactivehpc.dk\/wp-content\/uploads\/2026\/01\/HPC-call-1024x538.png 1024w, https:\/\/interactivehpc.dk\/wp-content\/uploads\/2026\/01\/HPC-call-300x158.png 300w, https:\/\/interactivehpc.dk\/wp-content\/uploads\/2026\/01\/HPC-call-768x403.png 768w, https:\/\/interactivehpc.dk\/wp-content\/uploads\/2026\/01\/HPC-call.png 1200w\" sizes=\"auto, (max-width: 580px) 100vw, 580px\" \/><\/a><\/div><a class=\"wp-block-latest-posts__post-title\" href=\"https:\/\/interactivehpc.dk\/?p=2560&#038;lang=da\">H2-2026 Nationalt HPC kald er \u00e5bent<\/a><time datetime=\"2026-01-28T13:18:46+00:00\" class=\"wp-block-latest-posts__post-date\">January 28, 2026<\/time><\/li>\n<li><div class=\"wp-block-latest-posts__featured-image\"><a href=\"https:\/\/interactivehpc.dk\/?p=2557\" aria-label=\"H2-2026 National HPC Call is open\"><img loading=\"lazy\" decoding=\"async\" width=\"580\" height=\"305\" src=\"https:\/\/interactivehpc.dk\/wp-content\/uploads\/2026\/01\/HPC-call-1024x538.png\" class=\"attachment-large size-large wp-post-image\" alt=\"\" style=\"\" srcset=\"https:\/\/interactivehpc.dk\/wp-content\/uploads\/2026\/01\/HPC-call-1024x538.png 1024w, https:\/\/interactivehpc.dk\/wp-content\/uploads\/2026\/01\/HPC-call-300x158.png 300w, https:\/\/interactivehpc.dk\/wp-content\/uploads\/2026\/01\/HPC-call-768x403.png 768w, https:\/\/interactivehpc.dk\/wp-content\/uploads\/2026\/01\/HPC-call.png 1200w\" sizes=\"auto, (max-width: 580px) 100vw, 580px\" \/><\/a><\/div><a class=\"wp-block-latest-posts__post-title\" href=\"https:\/\/interactivehpc.dk\/?p=2557\">H2-2026 National HPC Call is open<\/a><time datetime=\"2026-01-28T13:15:34+00:00\" class=\"wp-block-latest-posts__post-date\">January 28, 2026<\/time><\/li>\n<li><div class=\"wp-block-latest-posts__featured-image\"><a href=\"https:\/\/interactivehpc.dk\/?p=2536&#038;lang=da\" aria-label=\"Webinaroptagelse: Kom godt i gang med UCloud\"><img loading=\"lazy\" decoding=\"async\" width=\"580\" height=\"305\" src=\"https:\/\/interactivehpc.dk\/wp-content\/uploads\/2026\/01\/Introduction-to-UCloud-1024x538.jpg\" class=\"attachment-large size-large wp-post-image\" alt=\"\" style=\"\" srcset=\"https:\/\/interactivehpc.dk\/wp-content\/uploads\/2026\/01\/Introduction-to-UCloud-1024x538.jpg 1024w, https:\/\/interactivehpc.dk\/wp-content\/uploads\/2026\/01\/Introduction-to-UCloud-300x158.jpg 300w, https:\/\/interactivehpc.dk\/wp-content\/uploads\/2026\/01\/Introduction-to-UCloud-768x403.jpg 768w, https:\/\/interactivehpc.dk\/wp-content\/uploads\/2026\/01\/Introduction-to-UCloud.jpg 1200w\" sizes=\"auto, (max-width: 580px) 100vw, 580px\" \/><\/a><\/div><a class=\"wp-block-latest-posts__post-title\" href=\"https:\/\/interactivehpc.dk\/?p=2536&#038;lang=da\">Webinaroptagelse: Kom godt i gang med UCloud<\/a><time datetime=\"2026-01-16T12:17:43+00:00\" class=\"wp-block-latest-posts__post-date\">January 16, 2026<\/time><\/li>\n<li><div class=\"wp-block-latest-posts__featured-image\"><a href=\"https:\/\/interactivehpc.dk\/?p=2525\" aria-label=\"Webinar Recording: Getting Started With UCloud\"><img loading=\"lazy\" decoding=\"async\" width=\"580\" height=\"305\" src=\"https:\/\/interactivehpc.dk\/wp-content\/uploads\/2026\/01\/Introduction-to-UCloud-1024x538.jpg\" class=\"attachment-large size-large wp-post-image\" alt=\"\" style=\"\" srcset=\"https:\/\/interactivehpc.dk\/wp-content\/uploads\/2026\/01\/Introduction-to-UCloud-1024x538.jpg 1024w, https:\/\/interactivehpc.dk\/wp-content\/uploads\/2026\/01\/Introduction-to-UCloud-300x158.jpg 300w, https:\/\/interactivehpc.dk\/wp-content\/uploads\/2026\/01\/Introduction-to-UCloud-768x403.jpg 768w, https:\/\/interactivehpc.dk\/wp-content\/uploads\/2026\/01\/Introduction-to-UCloud.jpg 1200w\" sizes=\"auto, (max-width: 580px) 100vw, 580px\" \/><\/a><\/div><a class=\"wp-block-latest-posts__post-title\" href=\"https:\/\/interactivehpc.dk\/?p=2525\">Webinar Recording: Getting Started With UCloud<\/a><time datetime=\"2026-01-16T12:12:25+00:00\" class=\"wp-block-latest-posts__post-date\">January 16, 2026<\/time><\/li>\n<li><div class=\"wp-block-latest-posts__featured-image\"><a href=\"https:\/\/interactivehpc.dk\/?p=2515&#038;lang=da\" aria-label=\"En milep\u00e6l n\u00e5et: 20.000 brugere p\u00e5 UCloud\"><img loading=\"lazy\" decoding=\"async\" width=\"580\" height=\"305\" src=\"https:\/\/interactivehpc.dk\/wp-content\/uploads\/2026\/01\/20000UCloudUsers-1024x538.jpg\" class=\"attachment-large size-large wp-post-image\" alt=\"\" style=\"\" srcset=\"https:\/\/interactivehpc.dk\/wp-content\/uploads\/2026\/01\/20000UCloudUsers-1024x538.jpg 1024w, https:\/\/interactivehpc.dk\/wp-content\/uploads\/2026\/01\/20000UCloudUsers-300x158.jpg 300w, https:\/\/interactivehpc.dk\/wp-content\/uploads\/2026\/01\/20000UCloudUsers-768x403.jpg 768w, https:\/\/interactivehpc.dk\/wp-content\/uploads\/2026\/01\/20000UCloudUsers.jpg 1200w\" sizes=\"auto, (max-width: 580px) 100vw, 580px\" \/><\/a><\/div><a class=\"wp-block-latest-posts__post-title\" href=\"https:\/\/interactivehpc.dk\/?p=2515&#038;lang=da\">En milep\u00e6l n\u00e5et: 20.000 brugere p\u00e5 UCloud<\/a><time datetime=\"2026-01-16T09:15:27+00:00\" class=\"wp-block-latest-posts__post-date\">January 16, 2026<\/time><\/li>\n<\/ul>\n\n\n<div class=\"wp-block-columns gp-gutenbergpro-c68f6 is-layout-flex wp-container-core-columns-is-layout-9d6595d7 wp-block-columns-is-layout-flex\">\n<div class=\"wp-block-column gp-gutenbergpro-ed645 is-layout-flow wp-block-column-is-layout-flow\">\n<div class=\"wp-block-buttons is-content-justification-center is-layout-flex wp-container-core-buttons-is-layout-16018d1d wp-block-buttons-is-layout-flex\">\n<div class=\"wp-block-button\"><a class=\"wp-block-button__link has-text-align-center wp-element-button\" href=\"https:\/\/interactivehpc.dk\/?page_id=102\">More news<\/a><\/div>\n<\/div>\n<\/div>\n<\/div>\n\n\n\n<p class=\"gp-gutenbergpro-2e072\"><\/p>\n","protected":false},"excerpt":{"rendered":"<p>Interactive HPC via UCloud Interactivehpc.dk is a digital resource for Interactive HPC users &#8211; a centralised hub of information and resources from the Interactive HPC Consortium partners to all UCloud users. This is where we share your brilliant use cases and news about apps, features, tutorials and updates to Interactive HPC also known as UCloud.<\/p>\n","protected":false},"author":1,"featured_media":0,"parent":0,"menu_order":0,"comment_status":"closed","ping_status":"open","template":"templates\/template-full-width.php","meta":{"gtp_columnspro_styling":"{\"ff405626-3951-431e-a823-c890309fd537\":\". { position:relative; background-position-x: 50%;\\nbackground-position-y: 50%;\\nbackground-size: cover;\\ngap: 3%;\\nmin-height: 0px; }  \",\"b7239f33-ff68-459f-a5a5-0a4914a0960a\":\". { position:relative; background-position-x: 50%;\\nbackground-position-y: 50%;\\nbackground-size: cover;\\ngap: 3%;\\nmin-height: 0px; }  . .wp-block-column { margin-left: 0 !important; }\",\"29cb9202-6c50-4c4a-a41f-53efbdbb8f63\":\".gp-gutenbergpro-ed645 { position:relative; background-position-x: 50%;\\nbackground-position-y: 50%;\\nbackground-size: cover;\\ngap: 3%;\\nmin-height: 0px; }  \",\"21b89a11-9f9c-477a-b034-561a2f2b65d8\":\".gp-gutenbergpro-c68f6 { position:relative; background-position-x: 50%;\\nbackground-position-y: 50%;\\nbackground-size: cover;\\ngap: 3%;\\nmin-height: 0px; }  .gp-gutenbergpro-c68f6 .wp-block-column { margin-left: 0 !important; }\"}","gtp_paragraph_styling":"{\"2e0725e8-0af2-4d58-a794-704e8aa26656\":\" .gp-gutenbergpro-2e072 { background-position-x: 50%;\\nbackground-position-y: 50%;\\nbackground-size: cover;\\nheight: px; }\",\"0cb6e321-22bc-4acb-b879-e986744863b3\":\" .gp-gutenbergpro-0cb6e { background-position-x: 50%;\\nbackground-position-y: 50%;\\nbackground-size: cover;\\nheight: px; }\",\"3c8ead45-f92b-4b80-acca-7145cad52596\":\" .gp-gutenbergpro-3c8ea { background-position-x: 50%;\\nbackground-position-y: 50%;\\nbackground-size: cover;\\nheight: px; }\"}","gtp_heading_styling":"{\"d5af8790-c4b0-4d21-be1b-318f95d36bb9\":\" .gp-gutenbergpro-d5af8 { background-position-x: 50%;\\nbackground-position-y: 50%;\\nbackground-size: cover;\\nletter-spacing: 0px !important;\\ntext-shadow: 0px 0px 0px ;\\nfont-family:  !important; }\"}","gtp_spacer_styling":"{\"bb069eda-c372-4b4e-be4c-5cf02025f825\":\".gp-gutenbergpro-bb069 { position:relative; background-position-x: 50%;\\nbackground-position-y: 50%;\\nbackground-size: cover; }\"}","gtp_video_styling":"{}","gtp_group_styling":"{\"0c523c1b-9b36-4139-96ef-0aa6c4c10f80\":\"\"}","gtp_cover_styling":"{}","footnotes":""},"class_list":["post-2","page","type-page","status-publish","hentry"],"lang":"en","translations":{"en":2,"da":1662},"pll_sync_post":[],"_links":{"self":[{"href":"https:\/\/interactivehpc.dk\/index.php?rest_route=\/wp\/v2\/pages\/2","targetHints":{"allow":["GET"]}}],"collection":[{"href":"https:\/\/interactivehpc.dk\/index.php?rest_route=\/wp\/v2\/pages"}],"about":[{"href":"https:\/\/interactivehpc.dk\/index.php?rest_route=\/wp\/v2\/types\/page"}],"author":[{"embeddable":true,"href":"https:\/\/interactivehpc.dk\/index.php?rest_route=\/wp\/v2\/users\/1"}],"replies":[{"embeddable":true,"href":"https:\/\/interactivehpc.dk\/index.php?rest_route=%2Fwp%2Fv2%2Fcomments&post=2"}],"version-history":[{"count":97,"href":"https:\/\/interactivehpc.dk\/index.php?rest_route=\/wp\/v2\/pages\/2\/revisions"}],"predecessor-version":[{"id":2368,"href":"https:\/\/interactivehpc.dk\/index.php?rest_route=\/wp\/v2\/pages\/2\/revisions\/2368"}],"wp:attachment":[{"href":"https:\/\/interactivehpc.dk\/index.php?rest_route=%2Fwp%2Fv2%2Fmedia&parent=2"}],"curies":[{"name":"wp","href":"https:\/\/api.w.org\/{rel}","templated":true}]}}